{"id":1706,"date":"2023-11-09T11:56:34","date_gmt":"2023-11-09T10:56:34","guid":{"rendered":"https:\/\/igpsm.uek.krakow.pl\/kgse\/?page_id=1706"},"modified":"2024-10-07T15:18:31","modified_gmt":"2024-10-07T13:18:31","slug":"aktualnosci","status":"publish","type":"page","link":"https:\/\/igpsm.uek.krakow.pl\/kgse\/aktualnosci\/","title":{"rendered":"Aktualno\u015bci"},"content":{"rendered":"\t\t<div data-elementor-type=\"wp-page\" data-elementor-id=\"1706\" class=\"elementor elementor-1706\">\n\t\t\t\t\t\t<section data-particle_enable=\"false\" data-particle-mobile-disabled=\"false\" class=\"elementor-section elementor-top-section elementor-element elementor-element-6b56a71c elementor-section-boxed elementor-section-height-default elementor-section-height-default\" data-id=\"6b56a71c\" data-element_type=\"section\" data-settings=\"{&quot;jet_parallax_layout_list&quot;:[]}\">\n\t\t\t\t\t\t<div class=\"elementor-container elementor-column-gap-default\">\n\t\t\t\t\t<div class=\"elementor-column elementor-col-100 elementor-top-column elementor-element elementor-element-161b5274\" data-id=\"161b5274\" data-element_type=\"column\">\n\t\t\t<div class=\"elementor-widget-wrap elementor-element-populated\">\n\t\t\t\t\t\t<div class=\"elementor-element elementor-element-26bce0a6 elementor-widget elementor-widget-text-editor\" data-id=\"26bce0a6\" data-element_type=\"widget\" data-widget_type=\"text-editor.default\">\n\t\t\t\t<div class=\"elementor-widget-container\">\n\t\t\t\t\t\t\t<!-- wp:query {\"queryId\":0,\"query\":{\"perPage\":3,\"pages\":0,\"offset\":0,\"postType\":\"post\",\"order\":\"desc\",\"orderBy\":\"date\",\"author\":\"\",\"search\":\"\",\"exclude\":[],\"sticky\":\"\",\"inherit\":false}} -->\n<div class=\"wp-block-query\"><!-- wp:post-template -->\n<!-- wp:post-title \/-->\n\n<!-- wp:post-date \/-->\n\n<!-- wp:post-excerpt \/-->\n<!-- \/wp:post-template -->\n\n<!-- wp:query-pagination -->\n<!-- wp:query-pagination-previous \/-->\n\n<!-- wp:query-pagination-numbers \/-->\n\n<!-- wp:query-pagination-next \/-->\n<!-- \/wp:query-pagination -->\n\n<!-- wp:query-no-results -->\n<!-- wp:paragraph {\"placeholder\":\"Dodaj tekst lub bloki, kt\u00f3re b\u0119d\u0105 wy\u015bwietlane, gdy zapytanie nie zwr\u00f3ci \u017cadnych wynik\u00f3w.\"} -->\n<p><\/p>\n<!-- \/wp:paragraph -->\n<!-- \/wp:query-no-results --><\/div>\n<!-- \/wp:query -->\t\t\t\t\t\t<\/div>\n\t\t\t\t<\/div>\n\t\t\t\t\t<\/div>\n\t\t<\/div>\n\t\t\t\t\t<\/div>\n\t\t<\/section>\n\t\t\t\t<section data-particle_enable=\"false\" data-particle-mobile-disabled=\"false\" class=\"elementor-section elementor-top-section elementor-element elementor-element-2decacb elementor-section-boxed elementor-section-height-default elementor-section-height-default\" data-id=\"2decacb\" data-element_type=\"section\" data-settings=\"{&quot;jet_parallax_layout_list&quot;:[],&quot;background_background&quot;:&quot;classic&quot;,&quot;shape_divider_bottom&quot;:&quot;arrow&quot;,&quot;shape_divider_bottom_negative&quot;:&quot;yes&quot;}\">\n\t\t\t\t\t<div class=\"elementor-shape elementor-shape-bottom\" data-negative=\"true\">\n\t\t\t<svg xmlns=\"http:\/\/www.w3.org\/2000\/svg\" viewBox=\"0 0 700 10\" preserveAspectRatio=\"none\">\n\t<path class=\"elementor-shape-fill\" d=\"M360 0L350 9.9 340 0 0 0 0 10 700 10 700 0\"\/>\n<\/svg>\t\t<\/div>\n\t\t\t\t\t<div class=\"elementor-container elementor-column-gap-default\">\n\t\t\t\t\t<div class=\"elementor-column elementor-col-100 elementor-top-column elementor-element elementor-element-f13761d\" data-id=\"f13761d\" data-element_type=\"column\">\n\t\t\t<div class=\"elementor-widget-wrap elementor-element-populated\">\n\t\t\t\t\t\t<div class=\"elementor-element elementor-element-6ce60a7 elementor-grid-tablet_extra-eael-col-4 elementor-grid-eael-col-3 elementor-grid-tablet-eael-col-2 elementor-grid-mobile-eael-col-1 elementor-widget elementor-widget-eael-post-grid\" data-id=\"6ce60a7\" data-element_type=\"widget\" data-settings=\"{&quot;eael_post_grid_columns_tablet_extra&quot;:&quot;eael-col-4&quot;,&quot;eael_post_grid_columns&quot;:&quot;eael-col-3&quot;,&quot;eael_post_grid_columns_tablet&quot;:&quot;eael-col-2&quot;,&quot;eael_post_grid_columns_mobile&quot;:&quot;eael-col-1&quot;}\" data-widget_type=\"eael-post-grid.default\">\n\t\t\t\t<div class=\"elementor-widget-container\">\n\t\t\t<div id=\"eael-post-grid-6ce60a7\" class=\"eael-post-grid-container\">\n            <div class=\"eael-post-grid eael-post-appender eael-post-appender-6ce60a7 eael-post-grid-style-two\" data-layout-mode=\"grid\"><article class=\"eael-grid-post eael-post-grid-column\" data-id=\"1930\">\n        <div class=\"eael-grid-post-holder\">\n            <div class=\"eael-grid-post-holder-inner\"><div class=\"eael-entry-media\"><div class=\"eael-entry-overlay fade-in\"><i class=\"fas fa-long-arrow-alt-right\" aria-hidden=\"true\"><\/i><a href=\"https:\/\/igpsm.uek.krakow.pl\/kgse\/2026\/01\/09\/warsztaty-dla-studentow-kierunku-gospodarka-przestrzenna\/\"><\/a><\/div><div class=\"eael-entry-thumbnail \">\n                                <img fetchpriority=\"high\" decoding=\"async\" width=\"450\" height=\"600\" src=\"https:\/\/igpsm.uek.krakow.pl\/kgse\/wp-content\/uploads\/sites\/2\/2026\/01\/9.jpg\" class=\"attachment-full size-full wp-image-1939\" alt=\"\" srcset=\"https:\/\/igpsm.uek.krakow.pl\/kgse\/wp-content\/uploads\/sites\/2\/2026\/01\/9.jpg 450w, https:\/\/igpsm.uek.krakow.pl\/kgse\/wp-content\/uploads\/sites\/2\/2026\/01\/9-225x300.jpg 225w\" sizes=\"(max-width: 450px) 100vw, 450px\" \/>\n                              <\/div>\n                      <\/div><div class=\"eael-entry-wrapper\"><header class=\"eael-entry-header\"><h2 class=\"eael-entry-title\"><a class=\"eael-grid-post-link\" href=\"https:\/\/igpsm.uek.krakow.pl\/kgse\/2026\/01\/09\/warsztaty-dla-studentow-kierunku-gospodarka-przestrzenna\/\" title=\"Warsztaty dla student\u00f3w kierunku Gospodarka Przestrzenna\">Warsztaty dla student\u00f3w kierunku Gospodarka Przestrzenna<\/a><\/h2><\/header><div class=\"eael-entry-header-after style-two\"><div class=\"eael-entry-meta\"><span class=\"eael-posted-on eael-meta-posted-on\"><i class=\"far fa-clock\"><\/i><time datetime=\"2026-01-09\">2026-01-09<\/time><\/span><\/div><\/div><div class=\"eael-entry-content\">\n                                    <div class=\"eael-grid-post-excerpt\"><p>W dniu 11 grudnia 2025 roku studenci 3 roku kierunku...<\/p><a\n                                        href=\"https:\/\/igpsm.uek.krakow.pl\/kgse\/2026\/01\/09\/warsztaty-dla-studentow-kierunku-gospodarka-przestrzenna\/\"\n                                        class=\"eael-post-elements-readmore-btn\">Czytaj wi\u0119cej  \u2013&gt;<\/a><\/div>\n                                <\/div><\/div><\/div>\n        <\/div>\n    <\/article><article class=\"eael-grid-post eael-post-grid-column\" data-id=\"1871\">\n        <div class=\"eael-grid-post-holder\">\n            <div class=\"eael-grid-post-holder-inner\"><div class=\"eael-entry-media\"><div class=\"eael-entry-overlay fade-in\"><i class=\"fas fa-long-arrow-alt-right\" aria-hidden=\"true\"><\/i><a href=\"https:\/\/igpsm.uek.krakow.pl\/kgse\/2025\/01\/30\/warsztaty-dla-studentow-gospodarki-przestrzennej-strategia-rozwoju-krakowa-2030\/\"><\/a><\/div><div class=\"eael-entry-thumbnail \">\n                                <img decoding=\"async\" width=\"2000\" height=\"1125\" src=\"https:\/\/igpsm.uek.krakow.pl\/kgse\/wp-content\/uploads\/sites\/2\/2025\/01\/zdjecie-1.jpg\" class=\"attachment-full size-full wp-image-1872\" alt=\"\" srcset=\"https:\/\/igpsm.uek.krakow.pl\/kgse\/wp-content\/uploads\/sites\/2\/2025\/01\/zdjecie-1.jpg 2000w, https:\/\/igpsm.uek.krakow.pl\/kgse\/wp-content\/uploads\/sites\/2\/2025\/01\/zdjecie-1-300x169.jpg 300w, https:\/\/igpsm.uek.krakow.pl\/kgse\/wp-content\/uploads\/sites\/2\/2025\/01\/zdjecie-1-1024x576.jpg 1024w, https:\/\/igpsm.uek.krakow.pl\/kgse\/wp-content\/uploads\/sites\/2\/2025\/01\/zdjecie-1-768x432.jpg 768w, https:\/\/igpsm.uek.krakow.pl\/kgse\/wp-content\/uploads\/sites\/2\/2025\/01\/zdjecie-1-1536x864.jpg 1536w, https:\/\/igpsm.uek.krakow.pl\/kgse\/wp-content\/uploads\/sites\/2\/2025\/01\/zdjecie-1-1140x641.jpg 1140w\" sizes=\"(max-width: 2000px) 100vw, 2000px\" \/>\n                              <\/div>\n                      <\/div><div class=\"eael-entry-wrapper\"><header class=\"eael-entry-header\"><h2 class=\"eael-entry-title\"><a class=\"eael-grid-post-link\" href=\"https:\/\/igpsm.uek.krakow.pl\/kgse\/2025\/01\/30\/warsztaty-dla-studentow-gospodarki-przestrzennej-strategia-rozwoju-krakowa-2030\/\" title=\"Warsztaty dla student\u00f3w gospodarki przestrzennej: Strategia Rozwoju Krakowa 2030\">Warsztaty dla student\u00f3w gospodarki przestrzennej: Strategia Rozwoju Krakowa 2030<\/a><\/h2><\/header><div class=\"eael-entry-header-after style-two\"><div class=\"eael-entry-meta\"><span class=\"eael-posted-on eael-meta-posted-on\"><i class=\"far fa-clock\"><\/i><time datetime=\"2025-01-30\">2025-01-30<\/time><\/span><\/div><\/div><div class=\"eael-entry-content\">\n                                    <div class=\"eael-grid-post-excerpt\"><p>W dniu 8 stycznia 2025 roku, studenci kierunku Gospodarka Przestrzenna,...<\/p><a\n                                        href=\"https:\/\/igpsm.uek.krakow.pl\/kgse\/2025\/01\/30\/warsztaty-dla-studentow-gospodarki-przestrzennej-strategia-rozwoju-krakowa-2030\/\"\n                                        class=\"eael-post-elements-readmore-btn\">Czytaj wi\u0119cej  \u2013&gt;<\/a><\/div>\n                                <\/div><\/div><\/div>\n        <\/div>\n    <\/article><article class=\"eael-grid-post eael-post-grid-column\" data-id=\"1749\">\n        <div class=\"eael-grid-post-holder\">\n            <div class=\"eael-grid-post-holder-inner\"><div class=\"eael-entry-media\"><div class=\"eael-entry-overlay fade-in\"><i class=\"fas fa-long-arrow-alt-right\" aria-hidden=\"true\"><\/i><a href=\"https:\/\/igpsm.uek.krakow.pl\/kgse\/2023\/11\/21\/nowa-publikacja-polityka-miejska-wybrane-aspekty-zarzadzania-rozwojem\/\"><\/a><\/div><div class=\"eael-entry-thumbnail \">\n                                <img decoding=\"async\" width=\"1000\" height=\"592\" src=\"https:\/\/igpsm.uek.krakow.pl\/kgse\/wp-content\/uploads\/sites\/2\/2023\/11\/2023-11-24-11_24_04-Window.png\" class=\"attachment-full size-full wp-image-1758\" alt=\"\" srcset=\"https:\/\/igpsm.uek.krakow.pl\/kgse\/wp-content\/uploads\/sites\/2\/2023\/11\/2023-11-24-11_24_04-Window.png 1000w, https:\/\/igpsm.uek.krakow.pl\/kgse\/wp-content\/uploads\/sites\/2\/2023\/11\/2023-11-24-11_24_04-Window-300x178.png 300w, https:\/\/igpsm.uek.krakow.pl\/kgse\/wp-content\/uploads\/sites\/2\/2023\/11\/2023-11-24-11_24_04-Window-768x455.png 768w\" sizes=\"(max-width: 1000px) 100vw, 1000px\" \/>\n                              <\/div>\n                      <\/div><div class=\"eael-entry-wrapper\"><header class=\"eael-entry-header\"><h2 class=\"eael-entry-title\"><a class=\"eael-grid-post-link\" href=\"https:\/\/igpsm.uek.krakow.pl\/kgse\/2023\/11\/21\/nowa-publikacja-polityka-miejska-wybrane-aspekty-zarzadzania-rozwojem\/\" title=\"Nowa publikacja: Polityka miejska \u2013 wybrane aspekty zarz\u0105dzania rozwojem\">Nowa publikacja: Polityka miejska \u2013 wybrane aspekty zarz\u0105dzania rozwojem<\/a><\/h2><\/header><div class=\"eael-entry-header-after style-two\"><div class=\"eael-entry-meta\"><span class=\"eael-posted-on eael-meta-posted-on\"><i class=\"far fa-clock\"><\/i><time datetime=\"2023-11-21\">2023-11-21<\/time><\/span><\/div><\/div><div class=\"eael-entry-content\">\n                                    <div class=\"eael-grid-post-excerpt\"><p>Zapraszamy do zapoznania si\u0119 z now\u0105 publikacj\u0105 przygotowan\u0105 przez pracownik\u00f3w...<\/p><a\n                                        href=\"https:\/\/igpsm.uek.krakow.pl\/kgse\/2023\/11\/21\/nowa-publikacja-polityka-miejska-wybrane-aspekty-zarzadzania-rozwojem\/\"\n                                        class=\"eael-post-elements-readmore-btn\">Czytaj wi\u0119cej  \u2013&gt;<\/a><\/div>\n                                <\/div><\/div><\/div>\n        <\/div>\n    <\/article><article class=\"eael-grid-post eael-post-grid-column\" data-id=\"1759\">\n        <div class=\"eael-grid-post-holder\">\n            <div class=\"eael-grid-post-holder-inner\"><div class=\"eael-entry-media\"><div class=\"eael-entry-overlay fade-in\"><i class=\"fas fa-long-arrow-alt-right\" aria-hidden=\"true\"><\/i><a href=\"https:\/\/igpsm.uek.krakow.pl\/kgse\/2023\/11\/03\/zakonczenie-prac-nad-wdrozeniem-systemu-informacji-miejskiej-w-krakowie-w-oparciu-o-ekspertyze-pracownikow-igpism\/\"><\/a><\/div><div class=\"eael-entry-thumbnail \">\n                                <img loading=\"lazy\" decoding=\"async\" width=\"1000\" height=\"667\" src=\"https:\/\/igpsm.uek.krakow.pl\/kgse\/wp-content\/uploads\/sites\/2\/2023\/11\/drogowa_1.jpg\" class=\"attachment-full size-full wp-image-1765\" alt=\"\" srcset=\"https:\/\/igpsm.uek.krakow.pl\/kgse\/wp-content\/uploads\/sites\/2\/2023\/11\/drogowa_1.jpg 1000w, https:\/\/igpsm.uek.krakow.pl\/kgse\/wp-content\/uploads\/sites\/2\/2023\/11\/drogowa_1-300x200.jpg 300w, https:\/\/igpsm.uek.krakow.pl\/kgse\/wp-content\/uploads\/sites\/2\/2023\/11\/drogowa_1-768x512.jpg 768w\" sizes=\"(max-width: 1000px) 100vw, 1000px\" \/>\n                              <\/div>\n                      <\/div><div class=\"eael-entry-wrapper\"><header class=\"eael-entry-header\"><h2 class=\"eael-entry-title\"><a class=\"eael-grid-post-link\" href=\"https:\/\/igpsm.uek.krakow.pl\/kgse\/2023\/11\/03\/zakonczenie-prac-nad-wdrozeniem-systemu-informacji-miejskiej-w-krakowie-w-oparciu-o-ekspertyze-pracownikow-igpism\/\" title=\"Zako\u0144czenie prac nad wdro\u017ceniem Systemu Informacji Miejskiej w Krakowie w oparciu o ekspertyz\u0119 pracownik\u00f3w IGPiSM\">Zako\u0144czenie prac nad wdro\u017ceniem Systemu Informacji Miejskiej w Krakowie w oparciu o ekspertyz\u0119 pracownik\u00f3w IGPiSM<\/a><\/h2><\/header><div class=\"eael-entry-header-after style-two\"><div class=\"eael-entry-meta\"><span class=\"eael-posted-on eael-meta-posted-on\"><i class=\"far fa-clock\"><\/i><time datetime=\"2023-11-03\">2023-11-03<\/time><\/span><\/div><\/div><div class=\"eael-entry-content\">\n                                    <div class=\"eael-grid-post-excerpt\"><p>Jesieni\u0105 roku 2023 zako\u0144czy\u0142 si\u0119 proces wdra\u017cania Systemu Informacji Miejskiej...<\/p><a\n                                        href=\"https:\/\/igpsm.uek.krakow.pl\/kgse\/2023\/11\/03\/zakonczenie-prac-nad-wdrozeniem-systemu-informacji-miejskiej-w-krakowie-w-oparciu-o-ekspertyze-pracownikow-igpism\/\"\n                                        class=\"eael-post-elements-readmore-btn\">Czytaj wi\u0119cej  \u2013&gt;<\/a><\/div>\n                                <\/div><\/div><\/div>\n        <\/div>\n    <\/article><article class=\"eael-grid-post eael-post-grid-column\" data-id=\"1755\">\n        <div class=\"eael-grid-post-holder\">\n            <div class=\"eael-grid-post-holder-inner\"><div class=\"eael-entry-media\"><div class=\"eael-entry-overlay fade-in\"><i class=\"fas fa-long-arrow-alt-right\" aria-hidden=\"true\"><\/i><a href=\"https:\/\/igpsm.uek.krakow.pl\/kgse\/2023\/10\/01\/nowy-projekt-badawczy-katedry-geografii-spoleczno-ekonomicznej-grant-ncn\/\"><\/a><\/div><div class=\"eael-entry-thumbnail \">\n                                <img loading=\"lazy\" decoding=\"async\" width=\"640\" height=\"427\" src=\"https:\/\/igpsm.uek.krakow.pl\/kgse\/wp-content\/uploads\/sites\/2\/2023\/10\/polana-kalatowki-g2b8d2294d_640.jpg\" class=\"attachment-full size-full wp-image-1766\" alt=\"\" srcset=\"https:\/\/igpsm.uek.krakow.pl\/kgse\/wp-content\/uploads\/sites\/2\/2023\/10\/polana-kalatowki-g2b8d2294d_640.jpg 640w, https:\/\/igpsm.uek.krakow.pl\/kgse\/wp-content\/uploads\/sites\/2\/2023\/10\/polana-kalatowki-g2b8d2294d_640-300x200.jpg 300w\" sizes=\"(max-width: 640px) 100vw, 640px\" \/>\n                              <\/div>\n                      <\/div><div class=\"eael-entry-wrapper\"><header class=\"eael-entry-header\"><h2 class=\"eael-entry-title\"><a class=\"eael-grid-post-link\" href=\"https:\/\/igpsm.uek.krakow.pl\/kgse\/2023\/10\/01\/nowy-projekt-badawczy-katedry-geografii-spoleczno-ekonomicznej-grant-ncn\/\" title=\"Nowy projekt badawczy \u2013 Grant NCN\">Nowy projekt badawczy \u2013 Grant NCN<\/a><\/h2><\/header><div class=\"eael-entry-header-after style-two\"><div class=\"eael-entry-meta\"><span class=\"eael-posted-on eael-meta-posted-on\"><i class=\"far fa-clock\"><\/i><time datetime=\"2023-10-01\">2023-10-01<\/time><\/span><\/div><\/div><div class=\"eael-entry-content\">\n                                    <div class=\"eael-grid-post-excerpt\"><p>Zesp\u00f3\u0142 Katedry Geografii Spo\u0142eczno-Ekonomicznej pod kierownictwem dr Bernadetty Zawili\u0144skiej realizuje...<\/p><a\n                                        href=\"https:\/\/igpsm.uek.krakow.pl\/kgse\/2023\/10\/01\/nowy-projekt-badawczy-katedry-geografii-spoleczno-ekonomicznej-grant-ncn\/\"\n                                        class=\"eael-post-elements-readmore-btn\">Czytaj wi\u0119cej  \u2013&gt;<\/a><\/div>\n                                <\/div><\/div><\/div>\n        <\/div>\n    <\/article><\/div>\n            <div class=\"clearfix\"><\/div>\n        <\/div>\t\t<\/div>\n\t\t\t\t<\/div>\n\t\t\t\t\t<\/div>\n\t\t<\/div>\n\t\t\t\t\t<\/div>\n\t\t<\/section>\n\t\t\t\t<\/div>\n\t\t","protected":false},"excerpt":{"rendered":"<p>Nowa publikacja: Polityka miejska \u2013 wybrane aspekty zarz\u0105dzania rozwojem 2023-11-21 Zapraszamy do zapoznania si\u0119 z now\u0105 publikacj\u0105 przygotowan\u0105 przez pracownik\u00f3w&#8230; Czytaj wi\u0119cej \u2013&gt; Zako\u0144czenie prac nad wdro\u017ceniem Systemu Informacji Miejskiej w Krakowie w oparciu o ekspertyz\u0119 pracownik\u00f3w IGPiSM 2023-11-03 Jesieni\u0105 roku 2023 zako\u0144czy\u0142 si\u0119 proces wdra\u017cania Systemu Informacji Miejskiej&#8230; Czytaj wi\u0119cej \u2013&gt; Nowy projekt badawczy \u2013 Grant NCN 2023-10-01 Zesp\u00f3\u0142 Katedry Geografii Spo\u0142eczno-Ekonomicznej pod kierownictwem dr Bernadetty Zawili\u0144skiej realizuje&#8230; Czytaj wi\u0119cej \u2013&gt;<\/p>\n","protected":false},"author":3,"featured_media":0,"parent":0,"menu_order":0,"comment_status":"closed","ping_status":"closed","template":"elementor_header_footer","meta":{"footnotes":""},"class_list":["post-1706","page","type-page","status-publish","hentry"],"_links":{"self":[{"href":"https:\/\/igpsm.uek.krakow.pl\/kgse\/wp-json\/wp\/v2\/pages\/1706"}],"collection":[{"href":"https:\/\/igpsm.uek.krakow.pl\/kgse\/wp-json\/wp\/v2\/pages"}],"about":[{"href":"https:\/\/igpsm.uek.krakow.pl\/kgse\/wp-json\/wp\/v2\/types\/page"}],"author":[{"embeddable":true,"href":"https:\/\/igpsm.uek.krakow.pl\/kgse\/wp-json\/wp\/v2\/users\/3"}],"replies":[{"embeddable":true,"href":"https:\/\/igpsm.uek.krakow.pl\/kgse\/wp-json\/wp\/v2\/comments?post=1706"}],"version-history":[{"count":13,"href":"https:\/\/igpsm.uek.krakow.pl\/kgse\/wp-json\/wp\/v2\/pages\/1706\/revisions"}],"predecessor-version":[{"id":1865,"href":"https:\/\/igpsm.uek.krakow.pl\/kgse\/wp-json\/wp\/v2\/pages\/1706\/revisions\/1865"}],"wp:attachment":[{"href":"https:\/\/igpsm.uek.krakow.pl\/kgse\/wp-json\/wp\/v2\/media?parent=1706"}],"curies":[{"name":"wp","href":"https:\/\/api.w.org\/{rel}","templated":true}]}}