{"id":174,"date":"2023-02-19T01:50:07","date_gmt":"2023-02-19T00:50:07","guid":{"rendered":"https:\/\/ie.uek.krakow.pl\/ke\/?page_id=174"},"modified":"2023-06-05T11:47:03","modified_gmt":"2023-06-05T09:47:03","slug":"pracownicy-uek","status":"publish","type":"page","link":"https:\/\/igpsm.uek.krakow.pl\/kgse\/pracownicy-uek\/","title":{"rendered":"Pracownicy"},"content":{"rendered":"\t\t<div data-elementor-type=\"wp-page\" data-elementor-id=\"174\" class=\"elementor elementor-174\">\n\t\t\t\t\t\t<section data-particle_enable=\"false\" data-particle-mobile-disabled=\"false\" class=\"elementor-section elementor-top-section elementor-element elementor-element-be20bad elementor-section-boxed elementor-section-height-default elementor-section-height-default\" data-id=\"be20bad\" data-element_type=\"section\" data-settings=\"{&quot;jet_parallax_layout_list&quot;:[]}\">\n\t\t\t\t\t\t<div class=\"elementor-container elementor-column-gap-default\">\n\t\t\t\t\t<div class=\"elementor-column elementor-col-100 elementor-top-column elementor-element elementor-element-c099fef\" data-id=\"c099fef\" data-element_type=\"column\">\n\t\t\t<div class=\"elementor-widget-wrap elementor-element-populated\">\n\t\t\t\t\t\t<div class=\"elementor-element elementor-element-923f8d4 elementor-widget elementor-widget-heading\" data-id=\"923f8d4\" data-element_type=\"widget\" id=\"kpii\" data-widget_type=\"heading.default\">\n\t\t\t\t<div class=\"elementor-widget-container\">\n\t\t\t<h2 class=\"elementor-heading-title elementor-size-default\">Katedra Geografii Spo\u0142eczno-Ekonomicznej<\/h2>\t\t<\/div>\n\t\t\t\t<\/div>\n\t\t\t\t<section data-particle_enable=\"false\" data-particle-mobile-disabled=\"false\" class=\"elementor-section elementor-inner-section elementor-element elementor-element-4f9f836 elementor-section-boxed elementor-section-height-default elementor-section-height-default\" data-id=\"4f9f836\" data-element_type=\"section\" data-settings=\"{&quot;jet_parallax_layout_list&quot;:[],&quot;background_background&quot;:&quot;classic&quot;,&quot;shape_divider_bottom&quot;:&quot;arrow&quot;,&quot;shape_divider_bottom_negative&quot;:&quot;yes&quot;}\">\n\t\t\t\t\t<div class=\"elementor-shape elementor-shape-bottom\" data-negative=\"true\">\n\t\t\t<svg xmlns=\"http:\/\/www.w3.org\/2000\/svg\" viewBox=\"0 0 700 10\" preserveAspectRatio=\"none\">\n\t<path class=\"elementor-shape-fill\" d=\"M360 0L350 9.9 340 0 0 0 0 10 700 10 700 0\"\/>\n<\/svg>\t\t<\/div>\n\t\t\t\t\t<div class=\"elementor-container elementor-column-gap-default\">\n\t\t\t\t\t<div class=\"elementor-column elementor-col-50 elementor-inner-column elementor-element elementor-element-7a9c1ea\" data-id=\"7a9c1ea\" data-element_type=\"column\">\n\t\t\t<div class=\"elementor-widget-wrap elementor-element-populated\">\n\t\t\t\t\t\t<div class=\"elementor-element elementor-element-6239586 elementor-widget elementor-widget-heading\" data-id=\"6239586\" data-element_type=\"widget\" data-widget_type=\"heading.default\">\n\t\t\t\t<div class=\"elementor-widget-container\">\n\t\t\t<h4 class=\"elementor-heading-title elementor-size-default\">Kierownik Katedry<\/h4>\t\t<\/div>\n\t\t\t\t<\/div>\n\t\t\t\t\t<\/div>\n\t\t<\/div>\n\t\t\t\t<div class=\"elementor-column elementor-col-50 elementor-inner-column elementor-element elementor-element-d1d5d6a\" data-id=\"d1d5d6a\" data-element_type=\"column\">\n\t\t\t<div class=\"elementor-widget-wrap elementor-element-populated\">\n\t\t\t\t\t\t<div class=\"elementor-element elementor-element-a114a1c elementor-widget elementor-widget-eael-post-list\" data-id=\"a114a1c\" data-element_type=\"widget\" data-widget_type=\"eael-post-list.default\">\n\t\t\t\t<div class=\"elementor-widget-container\">\n\t\t\t<div class=\"eael-post-list-container default layout-default\"><div class=\"eael-post-list-wrap\"><div class=\"eael-post-list-posts-wrap eael-post-appender eael-post-appender-a114a1c\"><div class=\"eael-post-list-post \"><div class=\"eael-post-list-thumbnail \"><a href=\"https:\/\/igpsm.uek.krakow.pl\/kgse\/pracownicy\/pracownik-1\/\">\n                            <img decoding=\"async\" src=\"https:\/\/igpsm.uek.krakow.pl\/kgse\/wp-content\/uploads\/sites\/2\/2023\/02\/Magdalena_Zdun_250_167-1.jpg\" alt=\"\">\n                        <\/a><\/div><div class=\"eael-post-list-content\"><h2 class=\"eael-post-list-title\"><a href=\"https:\/\/igpsm.uek.krakow.pl\/kgse\/pracownicy\/pracownik-1\/\" >dr hab. Magdalena Zdun, prof. UEK<\/a><\/h2><\/div><\/div><\/div><\/div>\n\t\t<\/div>\t\t<\/div>\n\t\t\t\t<\/div>\n\t\t\t\t\t<\/div>\n\t\t<\/div>\n\t\t\t\t\t<\/div>\n\t\t<\/section>\n\t\t\t\t<div class=\"elementor-element elementor-element-3b905d0 elementor-widget elementor-widget-eael-post-list\" data-id=\"3b905d0\" data-element_type=\"widget\" data-widget_type=\"eael-post-list.default\">\n\t\t\t\t<div class=\"elementor-widget-container\">\n\t\t\t<div class=\"eael-post-list-container default layout-default\"><div class=\"eael-post-list-wrap\"><div class=\"eael-post-list-posts-wrap eael-post-appender eael-post-appender-3b905d0\"><div class=\"eael-post-list-post \"><div class=\"eael-post-list-thumbnail \"><a href=\"https:\/\/igpsm.uek.krakow.pl\/kgse\/pracownicy\/pracownik-2\/\">\n                            <img decoding=\"async\" src=\"https:\/\/igpsm.uek.krakow.pl\/kgse\/wp-content\/uploads\/sites\/2\/2023\/02\/dr-Patrycja-Branka-Katedra-Gospodarki-Regionalnej-Wydzial-GAP-167x250-1.jpg\" alt=\"\">\n                        <\/a><\/div><div class=\"eael-post-list-content\"><h2 class=\"eael-post-list-title\"><a href=\"https:\/\/igpsm.uek.krakow.pl\/kgse\/pracownicy\/pracownik-2\/\" >dr Patrycja Bra\u0144ka<\/a><\/h2><\/div><\/div><div class=\"eael-post-list-post \"><div class=\"eael-post-list-thumbnail \"><a href=\"https:\/\/igpsm.uek.krakow.pl\/kgse\/pracownicy\/pracownik-3\/\">\n                            <img decoding=\"async\" src=\"https:\/\/igpsm.uek.krakow.pl\/kgse\/wp-content\/uploads\/sites\/2\/2023\/02\/zdj_profil2-1.jpeg\" alt=\"\">\n                        <\/a><\/div><div class=\"eael-post-list-content\"><h2 class=\"eael-post-list-title\"><a href=\"https:\/\/igpsm.uek.krakow.pl\/kgse\/pracownicy\/pracownik-3\/\" >dr in\u017c.\u00a0Mateusz Ilba<\/a><\/h2><\/div><\/div><div class=\"eael-post-list-post \"><div class=\"eael-post-list-thumbnail \"><a href=\"https:\/\/igpsm.uek.krakow.pl\/kgse\/pracownicy\/dr-inz-karol-majewski\/\">\n                            <img decoding=\"async\" src=\"https:\/\/igpsm.uek.krakow.pl\/kgse\/wp-content\/uploads\/sites\/2\/2023\/04\/KarolM-167x250-1.jpg\" alt=\"\">\n                        <\/a><\/div><div class=\"eael-post-list-content\"><h2 class=\"eael-post-list-title\"><a href=\"https:\/\/igpsm.uek.krakow.pl\/kgse\/pracownicy\/dr-inz-karol-majewski\/\" >dr in\u017c.\u00a0Karol Majewski<\/a><\/h2><\/div><\/div><div class=\"eael-post-list-post \"><div class=\"eael-post-list-thumbnail \"><a href=\"https:\/\/igpsm.uek.krakow.pl\/kgse\/pracownicy\/dr-monika-musial-malago\/\">\n                            <img decoding=\"async\" src=\"https:\/\/igpsm.uek.krakow.pl\/kgse\/wp-content\/uploads\/sites\/2\/2023\/04\/dr-Monika-Musial-Malago-Katedra-Gospodarki-Regionalnej-Wydzial-GAP-167x250-1.jpg\" alt=\"\">\n                        <\/a><\/div><div class=\"eael-post-list-content\"><h2 class=\"eael-post-list-title\"><a href=\"https:\/\/igpsm.uek.krakow.pl\/kgse\/pracownicy\/dr-monika-musial-malago\/\" >dr Monika Musia\u0142-Malago<\/a><\/h2><\/div><\/div><div class=\"eael-post-list-post \"><div class=\"eael-post-list-thumbnail \"><a href=\"https:\/\/igpsm.uek.krakow.pl\/kgse\/pracownicy\/dr-marcin-semczuk\/\">\n                            <img decoding=\"async\" src=\"https:\/\/igpsm.uek.krakow.pl\/kgse\/wp-content\/uploads\/sites\/2\/2023\/04\/mgr-Marcin-Semczuk-Katedra-Gospodarki-Regionalnej-Wydzial-GAP-UEK-1-167x250-1.jpg\" alt=\"\">\n                        <\/a><\/div><div class=\"eael-post-list-content\"><h2 class=\"eael-post-list-title\"><a href=\"https:\/\/igpsm.uek.krakow.pl\/kgse\/pracownicy\/dr-marcin-semczuk\/\" >dr Marcin Semczuk<\/a><\/h2><\/div><\/div><div class=\"eael-post-list-post \"><div class=\"eael-post-list-thumbnail \"><a href=\"https:\/\/igpsm.uek.krakow.pl\/kgse\/pracownicy\/dr-piotr-serafin\/\">\n                            <img decoding=\"async\" src=\"https:\/\/igpsm.uek.krakow.pl\/kgse\/wp-content\/uploads\/sites\/2\/2023\/04\/Piotr_Serafin_250_167.jpg\" alt=\"\">\n                        <\/a><\/div><div class=\"eael-post-list-content\"><h2 class=\"eael-post-list-title\"><a href=\"https:\/\/igpsm.uek.krakow.pl\/kgse\/pracownicy\/dr-piotr-serafin\/\" >dr Piotr Serafin<\/a><\/h2><\/div><\/div><div class=\"eael-post-list-post \"><div class=\"eael-post-list-thumbnail \"><a href=\"https:\/\/igpsm.uek.krakow.pl\/kgse\/pracownicy\/dr-inz-piotr-wegrzynowicz\/\">\n                            <img decoding=\"async\" src=\"https:\/\/igpsm.uek.krakow.pl\/kgse\/wp-content\/uploads\/sites\/2\/2023\/04\/Piotr-Wegrzynowicz-Katedra-Gospodarki-Regionalnej-Wydzial-GAP-UEK-200x300-1.jpg\" alt=\"\">\n                        <\/a><\/div><div class=\"eael-post-list-content\"><h2 class=\"eael-post-list-title\"><a href=\"https:\/\/igpsm.uek.krakow.pl\/kgse\/pracownicy\/dr-inz-piotr-wegrzynowicz\/\" >dr in\u017c. Piotr W\u0119grzynowicz<\/a><\/h2><\/div><\/div><div class=\"eael-post-list-post \"><div class=\"eael-post-list-thumbnail \"><a href=\"https:\/\/igpsm.uek.krakow.pl\/kgse\/pracownicy\/dr-bernadetta-zawilinska\/\">\n                            <img decoding=\"async\" src=\"https:\/\/igpsm.uek.krakow.pl\/kgse\/wp-content\/uploads\/sites\/2\/2023\/04\/Bernadetta_Zawilinska_250_167.jpg\" alt=\"\">\n                        <\/a><\/div><div class=\"eael-post-list-content\"><h2 class=\"eael-post-list-title\"><a href=\"https:\/\/igpsm.uek.krakow.pl\/kgse\/pracownicy\/dr-bernadetta-zawilinska\/\" >dr Bernadetta Zawili\u0144ska<\/a><\/h2><\/div><\/div><\/div><\/div>\n\t\t<\/div>\t\t<\/div>\n\t\t\t\t<\/div>\n\t\t\t\t\t<\/div>\n\t\t<\/div>\n\t\t\t\t\t<\/div>\n\t\t<\/section>\n\t\t\t\t<\/div>\n\t\t","protected":false},"excerpt":{"rendered":"<p>Katedra Geografii Spo\u0142eczno-Ekonomicznej Kierownik Katedry dr hab. Magdalena Zdun, prof. UEK dr Patrycja Bra\u0144ka dr in\u017c.\u00a0Mateusz Ilba dr in\u017c.\u00a0Karol Majewski dr Monika Musia\u0142-Malago dr Marcin Semczuk dr Piotr Serafin dr in\u017c. Piotr W\u0119grzynowicz dr Bernadetta Zawili\u0144ska<\/p>\n","protected":false},"author":2,"featured_media":0,"parent":0,"menu_order":0,"comment_status":"closed","ping_status":"closed","template":"elementor_header_footer","meta":{"footnotes":""},"class_list":["post-174","page","type-page","status-publish","hentry"],"_links":{"self":[{"href":"https:\/\/igpsm.uek.krakow.pl\/kgse\/wp-json\/wp\/v2\/pages\/174"}],"collection":[{"href":"https:\/\/igpsm.uek.krakow.pl\/kgse\/wp-json\/wp\/v2\/pages"}],"about":[{"href":"https:\/\/igpsm.uek.krakow.pl\/kgse\/wp-json\/wp\/v2\/types\/page"}],"author":[{"embeddable":true,"href":"https:\/\/igpsm.uek.krakow.pl\/kgse\/wp-json\/wp\/v2\/users\/2"}],"replies":[{"embeddable":true,"href":"https:\/\/igpsm.uek.krakow.pl\/kgse\/wp-json\/wp\/v2\/comments?post=174"}],"version-history":[{"count":16,"href":"https:\/\/igpsm.uek.krakow.pl\/kgse\/wp-json\/wp\/v2\/pages\/174\/revisions"}],"predecessor-version":[{"id":1839,"href":"https:\/\/igpsm.uek.krakow.pl\/kgse\/wp-json\/wp\/v2\/pages\/174\/revisions\/1839"}],"wp:attachment":[{"href":"https:\/\/igpsm.uek.krakow.pl\/kgse\/wp-json\/wp\/v2\/media?parent=174"}],"curies":[{"name":"wp","href":"https:\/\/api.w.org\/{rel}","templated":true}]}}