{"id":313,"date":"2023-02-19T16:10:53","date_gmt":"2023-02-19T15:10:53","guid":{"rendered":"https:\/\/ie.uek.krakow.pl\/ke\/?page_id=313"},"modified":"2025-03-15T07:54:51","modified_gmt":"2025-03-15T06:54:51","slug":"konferencje","status":"publish","type":"page","link":"https:\/\/igpsm.uek.krakow.pl\/kgse\/konferencje\/","title":{"rendered":"Badania naukowe"},"content":{"rendered":"\t\t<div data-elementor-type=\"wp-page\" data-elementor-id=\"313\" class=\"elementor elementor-313\">\n\t\t\t\t\t\t<section data-particle_enable=\"false\" data-particle-mobile-disabled=\"false\" class=\"elementor-section elementor-top-section elementor-element elementor-element-1d441e8 elementor-section-boxed elementor-section-height-default elementor-section-height-default\" data-id=\"1d441e8\" data-element_type=\"section\" data-settings=\"{&quot;jet_parallax_layout_list&quot;:[]}\">\n\t\t\t\t\t\t<div class=\"elementor-container elementor-column-gap-default\">\n\t\t\t\t\t<div class=\"elementor-column elementor-col-100 elementor-top-column elementor-element elementor-element-c4658e4\" data-id=\"c4658e4\" data-element_type=\"column\">\n\t\t\t<div class=\"elementor-widget-wrap elementor-element-populated\">\n\t\t\t\t\t\t<div class=\"elementor-element elementor-element-860b63f elementor-widget elementor-widget-heading\" data-id=\"860b63f\" data-element_type=\"widget\" data-widget_type=\"heading.default\">\n\t\t\t\t<div class=\"elementor-widget-container\">\n\t\t\t<h2 class=\"elementor-heading-title elementor-size-default\">Badania Naukowe<\/h2>\t\t<\/div>\n\t\t\t\t<\/div>\n\t\t\t\t<div class=\"elementor-element elementor-element-a561ad0 elementor-widget-laptop__width-initial elementor-widget elementor-widget-text-editor\" data-id=\"a561ad0\" data-element_type=\"widget\" data-widget_type=\"text-editor.default\">\n\t\t\t\t<div class=\"elementor-widget-container\">\n\t\t\t\t\t\t\t<blockquote><h5>W ramach bada\u0144 zespo\u0142owych pracownicy Katedry prowadz\u0105 szeroko zakrojone badania i realizuj\u0105 ekspertyzy naukowe.\u00a0<\/h5><\/blockquote><p><strong>2023<\/strong> &#8211; Temat projektu:\u00a0<a href=\"https:\/\/igpsm.uek.krakow.pl\/kgse\/2025\/03\/06\/obszary-chronione-w-lokalnych-systemach-spoleczno-gospodarczych-modele-powiazan-funkcjonalnych-w-swietle-wspolczesnych-koncepcji\/\" target=\"_blank\" rel=\"noopener\">Obszary chronione w lokalnych systemach spo\u0142eczno-gospodarczych. Modele powi\u0105za\u0144 funkcjonalnych w \u015bwietle wsp\u00f3\u0142czesnych koncepcji<\/a>, finansowanie NCN,\u00a0OPUS 24, panel: HS4. Wi\u0119cej informacji:\u00a0<a href=\"https:\/\/granty.uek.krakow.pl\/zawilinska\/\">https:\/\/granty.uek.krakow.pl\/zawilinska\/\u00a0<\/a><\/p><p>\u00a0<\/p><p>W latach 2012-2019 pracownicy Katedry prowadzili badania naukowe m.in. w ramach tzw. bada\u0144 statutowych (realizowanych w ramach Katedry Gospodarki Regionalnej), kt\u00f3rych tematyka nawi\u0105zywa\u0142a do zainteresowa\u0144 badawczych pracownik\u00f3w Katedr, tj.:<\/p><p><strong>2012 <\/strong>\u2013 Temat projektu: <em>Ekonomiczne aspekty gospodarowania przestrzeni\u0105 miasta i regionu<\/em> \u2013 cz\u0119\u015b\u0107 1;<\/p><p><strong>2013 <\/strong>\u2013 \u00a0Temat projektu: <em>Ekonomiczne aspekty gospodarowania przestrzeni\u0105 miasta i regionu \u2013 cz\u0119\u015b\u0107 2;<\/em><\/p><p><strong>2014 <\/strong>\u2013 \u00a0Temat projektu: <em>Infrastruktura w rozwoju regionalnym i lokalnym \u2013 studium przypadku Wojew\u00f3dztwa Ma\u0142opolskiego;<\/em><\/p><p><strong>2015 <\/strong>\u2013 \u00a0Temat projektu: <em>Spo\u0142eczno-ekonomiczne przemiany w strefie podmiejskiej miast polskich \u2013 studium przypadku Krakowskiego Obszaru Metropolitalnego;<\/em><\/p><p>\u2013 Temat projektu: <em>Miasta w polityce rozwoju. Wybrane dylematy. Cz\u0119\u015b\u0107 I \u2013 Uwarunkowania i konsekwencje procesu kurczenia si\u0119 miast;<\/em><\/p><p><strong>2016 <\/strong>\u2013 \u00a0Temat projektu: <em>Gospodarowanie przestrzeni\u0105 miast i region\u00f3w \u2013 teoria \u2013 teoria i praktyka rozwoju obszar\u00f3w funkcjonalnych;<\/em><\/p><p>\u2013<strong>\u00a0 <\/strong>Temat projektu: <em>Krakowski Obszar Funkcjonalny. Spo\u0142ecze\u0144stwo \u2013 Gospodarka \u2013 Przestrze\u0144;<\/em><\/p><p><strong>2017 <\/strong>\u2013 \u00a0Temat projektu: <em>Funkcjonalne miasto w teorii i praktyce;<\/em><\/p><p><strong>2018 <\/strong>\u2013 \u00a0Temat projektu: <em>Gospodarowanie przestrzenia miast i region\u00f3w \u2013 wsp\u00f3\u0142czesne teorie i wyzwania praktyki;<\/em><\/p><p><strong>2019 <\/strong>\u2013 \u00a0Temat projektu: <em>Miasto i wie\u015b \u2013 to\u017csamo\u015b\u0107 i przestrze\u0144 w XXI wieku.<\/em><\/p><p>\u00a0<\/p><p><strong>Od 2020<\/strong> roku badania pracownik\u00f3w Katedry realizowane s\u0105 w ramach dw\u00f3ch program\u00f3w UEK \u00a0POTENCJA\u0141, pt.:<\/p><p>\u2013<strong>\u00a0 <\/strong><em>Rozw\u00f3j spo\u0142eczno-gospodarczy w analizach teoretycznych i diagnostyce empirycznej (Kierownik projektu: Prof. UEK dr hab. Magdalena Zdun. Wykonawcy: dr Patrycja Bra\u0144ka, dr Monika Musia\u0142 Malago, dr Bernadetta Zawili\u0144ska, dr in\u017c. Karol Majewski)<\/em>;<\/p><p>\u2013<strong>\u00a0 <\/strong><em>Miasta suburbia i peryferia w teorii i badaniach empirycznych (Kierownik projektu: dr in\u017c. Artur Ho\u0142uj. Wykonawcy: dr in\u017c. Mateusz Ilba, Prof. UEK dr hab. Piotr Lity\u0144ski, dr Marcin Semczuk, dr Piotr Serafin).<\/em><\/p><p>Mgr in\u017c. Piotr W\u0119grzynowicz realizuj\u0119 projekt badawczy w ramach Programu UEK PROLOG pt. <em>Atrakcyjno\u015b\u0107 inwestycyjna otoczenia przystank\u00f3w kolejowych w Krakowskim Obszarze Funkcjonalnym.<\/em><\/p><p>\u00a0<\/p><p><strong>Ekspertyzy naukowe<\/strong><\/p><p>W 2017 r. pracownicy Katedry opracowali ekspertyz\u0119 naukow\u0105 pt. Ocena prawid\u0142owo\u015bci przebiegu ustalonych granic jednostek pomocniczych miasta Krakowa: Dzielnicy VIII D\u0119bniki, Dzielnicy IX \u0141agiewniki-Borek Fa\u0142\u0119cki i Dzielnicy X Swoszowice. Najwa\u017cniejsze wyniki zrealizowanych w okresie od czerwca do ko\u0144ca listopada 2017 r. bada\u0144 zespo\u0142u geograf\u00f3w i ekonomist\u00f3w pod kierownictwem dr. hab. prof. UEK Bogus\u0142awa Luchtera by\u0142y dyskutowane w ramach dw\u00f3ch seminari\u00f3w naukowych i sta\u0142y si\u0119 podstaw\u0105 do przygotowania kilku publikacji wsp\u00f3\u0142autorskich. Przygotowana obszerna i szczeg\u00f3\u0142owa ekspertyza niesie wiele cennych informacji i uwag, kt\u00f3re powinny sta\u0107 si\u0119 podstaw\u0105 do dalszych dyskusji toczonych na poziomie Rady Miasta w sprawie korekt granic dzielnic. Przekrojowo przeprowadzone badania obejmuj\u0105ce: studia literaturowe, analiz\u0119 uchwa\u0142 Rad Dzielnic, analiz\u0119 przebiegu m.in. obr\u0119b\u00f3w geodezyjnych, dzia\u0142ek, obwod\u00f3w spisowych, obwod\u00f3w szkolnych, parafii, jednostek katastralnych, jednostek urbanistycznych, studium, miejscowych plan\u00f3w zagospodarowania przestrzennego, uczestnictwo w zebraniach Rad Dzielnic oraz wywiady i szeroko zakrojone badania ankietowe na pr\u00f3bie 1433 mieszka\u0144c\u00f3w, wykaza\u0142y z\u0142o\u017cono\u015b\u0107 zleconego do bada\u0144 problemu. Sformu\u0142owane wnioski wyprowadzone z bada\u0144 literaturowych i terenowych wskazuj\u0105 generalnie na zwi\u0119kszenie roli planowania przestrzennego w Krakowie warunkuj\u0105ce korekty granic dzielnic, zwi\u0119kszenie znaczenia g\u0142osu spo\u0142eczno\u015bci lokalnych w podejmowaniu takich decyzji, oraz na chwil\u0119 obecn\u0105 utrzymanie ich zasi\u0119gu z dokonaniem niewielkich korekt, kt\u00f3re usprawni\u0105 funkcjonowanie s\u0142u\u017cb miejskich na styku dzielnic. W pracach zespo\u0142u uczestniczyli: dr Bernadetta Zawili\u0144ska, dr Marcin Semczuk, dr Piotr Serafin i mgr Piotr W\u0119grzynowicz.<\/p><p>W 2021 roku pracownicy Katedry opracowali kolejn\u0105 ekspertyz\u0119 pt. Opracowanie obszar\u00f3w SIM <br \/>na potrzeby wdra\u017cania i realizacji Systemu Informacji Miejskiej w Krakowie na zlecenie Zarz\u0105du Dr\u00f3g Publicznych w Krakowie. Efektem prowadzonych prac pod kierownictwem dr. Marcina Semczuka by\u0142a delimitacja granic obszar\u00f3w SIM oraz wskazanie ich nazw. Dodatkowo elementem prowadzonej ekspertyzy, by\u0142o przedstawienie podzia\u0142\u00f3w Krakowa na jednostki przestrzenne w uj\u0119ciu historycznym, gdzie szczeg\u00f3\u0142owo wykazano genez\u0119 i zmiany granic jednostek wewn\u0105trzmiejskich takich jak: jednostki katastralne, jednostki urbanistyczne, dzielnice samorz\u0105dowe oraz pozosta\u0142e jednostki przestrzenne zwi\u0105zane z zarz\u0105dzaniem i funkcjonowaniem miasta. Ostatecznie wskazano 125 obszar\u00f3w SIM, kt\u00f3re nawi\u0105zuj\u0105 do istniej\u0105cej tkanki miejskiej, ale tak\u017ce i planowanych wi\u0119kszych zespo\u0142\u00f3w zabudowy, z kt\u00f3rymi mo\u017cna powi\u0105za\u0107 tradycyjne nazwy. W pracach zespo\u0142u uczestniczyli: prof. dr hab. arch. Zygmunt Ziobrowski, dr hab. prof. UEK B. Luchter, dr in\u017c. arch. Dorota Jopek, dr in\u017c. Karol Majewski, dr Marcin Semczuk (kierownik ekspertyzy), mgr in\u017c. Piotr W\u0119grzynowicz.<\/p><p>\u00a0<\/p>\t\t\t\t\t\t<\/div>\n\t\t\t\t<\/div>\n\t\t\t\t\t<\/div>\n\t\t<\/div>\n\t\t\t\t\t<\/div>\n\t\t<\/section>\n\t\t\t\t<section data-particle_enable=\"false\" data-particle-mobile-disabled=\"false\" class=\"elementor-section elementor-top-section elementor-element elementor-element-0a4bbea elementor-section-boxed elementor-section-height-default elementor-section-height-default\" data-id=\"0a4bbea\" data-element_type=\"section\" data-settings=\"{&quot;jet_parallax_layout_list&quot;:[{&quot;_id&quot;:&quot;9da879f&quot;,&quot;jet_parallax_layout_image&quot;:{&quot;url&quot;:&quot;&quot;,&quot;id&quot;:&quot;&quot;,&quot;size&quot;:&quot;&quot;},&quot;jet_parallax_layout_image_laptop&quot;:{&quot;url&quot;:&quot;&quot;,&quot;id&quot;:&quot;&quot;,&quot;size&quot;:&quot;&quot;},&quot;jet_parallax_layout_image_tablet_extra&quot;:{&quot;url&quot;:&quot;&quot;,&quot;id&quot;:&quot;&quot;,&quot;size&quot;:&quot;&quot;},&quot;jet_parallax_layout_image_tablet&quot;:{&quot;url&quot;:&quot;&quot;,&quot;id&quot;:&quot;&quot;,&quot;size&quot;:&quot;&quot;},&quot;jet_parallax_layout_image_mobile_extra&quot;:{&quot;url&quot;:&quot;&quot;,&quot;id&quot;:&quot;&quot;,&quot;size&quot;:&quot;&quot;},&quot;jet_parallax_layout_image_mobile&quot;:{&quot;url&quot;:&quot;&quot;,&quot;id&quot;:&quot;&quot;,&quot;size&quot;:&quot;&quot;},&quot;jet_parallax_layout_speed&quot;:{&quot;unit&quot;:&quot;%&quot;,&quot;size&quot;:50,&quot;sizes&quot;:[]},&quot;jet_parallax_layout_type&quot;:&quot;scroll&quot;,&quot;jet_parallax_layout_direction&quot;:null,&quot;jet_parallax_layout_fx_direction&quot;:null,&quot;jet_parallax_layout_z_index&quot;:&quot;&quot;,&quot;jet_parallax_layout_bg_x&quot;:50,&quot;jet_parallax_layout_bg_x_laptop&quot;:&quot;&quot;,&quot;jet_parallax_layout_bg_x_tablet_extra&quot;:&quot;&quot;,&quot;jet_parallax_layout_bg_x_tablet&quot;:&quot;&quot;,&quot;jet_parallax_layout_bg_x_mobile_extra&quot;:&quot;&quot;,&quot;jet_parallax_layout_bg_x_mobile&quot;:&quot;&quot;,&quot;jet_parallax_layout_bg_y&quot;:50,&quot;jet_parallax_layout_bg_y_laptop&quot;:&quot;&quot;,&quot;jet_parallax_layout_bg_y_tablet_extra&quot;:&quot;&quot;,&quot;jet_parallax_layout_bg_y_tablet&quot;:&quot;&quot;,&quot;jet_parallax_layout_bg_y_mobile_extra&quot;:&quot;&quot;,&quot;jet_parallax_layout_bg_y_mobile&quot;:&quot;&quot;,&quot;jet_parallax_layout_bg_size&quot;:&quot;auto&quot;,&quot;jet_parallax_layout_bg_size_laptop&quot;:&quot;&quot;,&quot;jet_parallax_layout_bg_size_tablet_extra&quot;:&quot;&quot;,&quot;jet_parallax_layout_bg_size_tablet&quot;:&quot;&quot;,&quot;jet_parallax_layout_bg_size_mobile_extra&quot;:&quot;&quot;,&quot;jet_parallax_layout_bg_size_mobile&quot;:&quot;&quot;,&quot;jet_parallax_layout_animation_prop&quot;:&quot;transform&quot;,&quot;jet_parallax_layout_on&quot;:[&quot;desktop&quot;,&quot;tablet&quot;]}]}\">\n\t\t\t\t\t\t<div class=\"elementor-container elementor-column-gap-default\">\n\t\t\t\t\t<div class=\"elementor-column elementor-col-100 elementor-top-column elementor-element elementor-element-555f5d89\" data-id=\"555f5d89\" data-element_type=\"column\">\n\t\t\t<div class=\"elementor-widget-wrap elementor-element-populated\">\n\t\t\t\t\t\t<div class=\"elementor-element elementor-element-124fe840 elementor-widget-divider--view-line elementor-widget elementor-widget-divider\" data-id=\"124fe840\" data-element_type=\"widget\" data-widget_type=\"divider.default\">\n\t\t\t\t<div class=\"elementor-widget-container\">\n\t\t\t\t\t<div class=\"elementor-divider\">\n\t\t\t<span class=\"elementor-divider-separator\">\n\t\t\t\t\t\t<\/span>\n\t\t<\/div>\n\t\t\t\t<\/div>\n\t\t\t\t<\/div>\n\t\t\t\t\t<\/div>\n\t\t<\/div>\n\t\t\t\t\t<\/div>\n\t\t<\/section>\n\t\t\t\t<\/div>\n\t\t","protected":false},"excerpt":{"rendered":"<p>Badania Naukowe W ramach bada\u0144 zespo\u0142owych pracownicy Katedry prowadz\u0105 szeroko zakrojone badania i realizuj\u0105 ekspertyzy naukowe.\u00a0 2023 &#8211; Temat projektu:\u00a0Obszary chronione w lokalnych systemach spo\u0142eczno-gospodarczych. Modele powi\u0105za\u0144 funkcjonalnych w \u015bwietle wsp\u00f3\u0142czesnych koncepcji, finansowanie NCN,\u00a0OPUS 24, panel: HS4. Wi\u0119cej informacji:\u00a0https:\/\/granty.uek.krakow.pl\/zawilinska\/\u00a0 \u00a0 W latach 2012-2019 pracownicy Katedry prowadzili badania naukowe m.in. w ramach tzw. bada\u0144 statutowych (realizowanych w ramach Katedry Gospodarki Regionalnej), kt\u00f3rych tematyka nawi\u0105zywa\u0142a do zainteresowa\u0144 badawczych pracownik\u00f3w Katedr, tj.: 2012 \u2013 Temat projektu: Ekonomiczne aspekty gospodarowania przestrzeni\u0105 miasta i regionu \u2013 cz\u0119\u015b\u0107 1; 2013 \u2013 \u00a0Temat projektu: Ekonomiczne aspekty gospodarowania przestrzeni\u0105 miasta i regionu \u2013 cz\u0119\u015b\u0107 2; 2014 \u2013 \u00a0Temat projektu: Infrastruktura w rozwoju regionalnym i lokalnym \u2013 studium przypadku Wojew\u00f3dztwa Ma\u0142opolskiego; 2015 \u2013 \u00a0Temat projektu: Spo\u0142eczno-ekonomiczne przemiany w strefie podmiejskiej miast polskich \u2013 studium przypadku Krakowskiego Obszaru Metropolitalnego; \u2013 Temat projektu: Miasta w polityce rozwoju. Wybrane dylematy. Cz\u0119\u015b\u0107 I \u2013 Uwarunkowania i konsekwencje procesu kurczenia si\u0119 miast; 2016 \u2013 \u00a0Temat projektu: Gospodarowanie przestrzeni\u0105 miast i region\u00f3w \u2013 teoria \u2013 teoria i praktyka rozwoju obszar\u00f3w funkcjonalnych; \u2013\u00a0 Temat projektu: Krakowski Obszar Funkcjonalny. Spo\u0142ecze\u0144stwo \u2013 Gospodarka \u2013 Przestrze\u0144; 2017 \u2013 \u00a0Temat projektu: Funkcjonalne miasto w teorii i praktyce; 2018 \u2013 \u00a0Temat projektu: Gospodarowanie przestrzenia miast i region\u00f3w \u2013 wsp\u00f3\u0142czesne teorie i wyzwania praktyki; 2019 \u2013 \u00a0Temat projektu: Miasto i wie\u015b \u2013 to\u017csamo\u015b\u0107 i przestrze\u0144 w XXI wieku. \u00a0 Od 2020 roku badania pracownik\u00f3w Katedry realizowane s\u0105 w ramach dw\u00f3ch program\u00f3w UEK \u00a0POTENCJA\u0141, pt.: \u2013\u00a0 Rozw\u00f3j spo\u0142eczno-gospodarczy w analizach teoretycznych i diagnostyce empirycznej (Kierownik projektu: Prof. UEK dr hab. Magdalena Zdun. Wykonawcy: dr Patrycja Bra\u0144ka, dr Monika Musia\u0142 Malago, dr Bernadetta Zawili\u0144ska, dr in\u017c. Karol Majewski); \u2013\u00a0 Miasta suburbia i peryferia w teorii i badaniach empirycznych (Kierownik projektu: dr in\u017c. Artur Ho\u0142uj. Wykonawcy: dr in\u017c. Mateusz Ilba, Prof. UEK dr hab. Piotr Lity\u0144ski, dr Marcin Semczuk, dr Piotr Serafin). Mgr in\u017c. Piotr W\u0119grzynowicz realizuj\u0119 projekt badawczy w ramach Programu UEK PROLOG pt. Atrakcyjno\u015b\u0107 inwestycyjna otoczenia przystank\u00f3w kolejowych w Krakowskim Obszarze Funkcjonalnym. \u00a0 Ekspertyzy naukowe W 2017 r. pracownicy Katedry opracowali ekspertyz\u0119 naukow\u0105 pt. Ocena prawid\u0142owo\u015bci przebiegu ustalonych granic jednostek pomocniczych miasta Krakowa: Dzielnicy VIII D\u0119bniki, Dzielnicy IX \u0141agiewniki-Borek Fa\u0142\u0119cki i Dzielnicy X Swoszowice. Najwa\u017cniejsze wyniki zrealizowanych w okresie od czerwca do ko\u0144ca listopada 2017 r. bada\u0144 zespo\u0142u geograf\u00f3w i ekonomist\u00f3w pod kierownictwem dr. hab. prof. UEK Bogus\u0142awa Luchtera by\u0142y dyskutowane w ramach dw\u00f3ch seminari\u00f3w naukowych i sta\u0142y si\u0119 podstaw\u0105 do przygotowania kilku publikacji wsp\u00f3\u0142autorskich. Przygotowana obszerna i szczeg\u00f3\u0142owa ekspertyza niesie wiele cennych informacji i uwag, kt\u00f3re powinny sta\u0107 si\u0119 podstaw\u0105 do dalszych dyskusji toczonych na poziomie Rady Miasta w sprawie korekt granic dzielnic. Przekrojowo przeprowadzone badania obejmuj\u0105ce: studia literaturowe, analiz\u0119 uchwa\u0142 Rad Dzielnic, analiz\u0119 przebiegu m.in. obr\u0119b\u00f3w geodezyjnych, dzia\u0142ek, obwod\u00f3w spisowych, obwod\u00f3w szkolnych, parafii, jednostek katastralnych, jednostek urbanistycznych, studium, miejscowych plan\u00f3w zagospodarowania przestrzennego, uczestnictwo w zebraniach Rad Dzielnic oraz wywiady i szeroko zakrojone badania ankietowe na pr\u00f3bie 1433 mieszka\u0144c\u00f3w, wykaza\u0142y z\u0142o\u017cono\u015b\u0107 zleconego do bada\u0144 problemu. Sformu\u0142owane wnioski wyprowadzone z bada\u0144 literaturowych i terenowych wskazuj\u0105 generalnie na zwi\u0119kszenie roli planowania przestrzennego w Krakowie warunkuj\u0105ce korekty granic dzielnic, zwi\u0119kszenie znaczenia g\u0142osu spo\u0142eczno\u015bci lokalnych w podejmowaniu takich decyzji, oraz na chwil\u0119 obecn\u0105 utrzymanie ich zasi\u0119gu z dokonaniem niewielkich korekt, kt\u00f3re usprawni\u0105 funkcjonowanie s\u0142u\u017cb miejskich na styku dzielnic. W pracach zespo\u0142u uczestniczyli: dr Bernadetta Zawili\u0144ska, dr Marcin Semczuk, dr Piotr Serafin i mgr Piotr W\u0119grzynowicz. W 2021 roku pracownicy Katedry opracowali kolejn\u0105 ekspertyz\u0119 pt. Opracowanie obszar\u00f3w SIM na potrzeby wdra\u017cania i realizacji Systemu Informacji Miejskiej w Krakowie na zlecenie Zarz\u0105du Dr\u00f3g Publicznych w Krakowie. Efektem prowadzonych prac pod kierownictwem dr. Marcina Semczuka by\u0142a delimitacja granic obszar\u00f3w SIM oraz wskazanie ich nazw. Dodatkowo elementem prowadzonej ekspertyzy, by\u0142o przedstawienie podzia\u0142\u00f3w Krakowa na jednostki przestrzenne w uj\u0119ciu historycznym, gdzie szczeg\u00f3\u0142owo wykazano genez\u0119 i zmiany granic jednostek wewn\u0105trzmiejskich takich jak: jednostki katastralne, jednostki urbanistyczne, dzielnice samorz\u0105dowe oraz pozosta\u0142e jednostki przestrzenne zwi\u0105zane z zarz\u0105dzaniem i funkcjonowaniem miasta. Ostatecznie wskazano 125 obszar\u00f3w SIM, kt\u00f3re nawi\u0105zuj\u0105 do istniej\u0105cej tkanki miejskiej, ale tak\u017ce i planowanych wi\u0119kszych zespo\u0142\u00f3w zabudowy, z kt\u00f3rymi mo\u017cna powi\u0105za\u0107 tradycyjne nazwy. W pracach zespo\u0142u uczestniczyli: prof. dr hab. arch. Zygmunt Ziobrowski, dr hab. prof. UEK B. Luchter, dr in\u017c. arch. Dorota Jopek, dr in\u017c. Karol Majewski, dr Marcin Semczuk (kierownik ekspertyzy), mgr in\u017c. Piotr W\u0119grzynowicz. \u00a0<\/p>\n","protected":false},"author":2,"featured_media":0,"parent":0,"menu_order":0,"comment_status":"closed","ping_status":"closed","template":"elementor_header_footer","meta":{"footnotes":""},"class_list":["post-313","page","type-page","status-publish","hentry"],"_links":{"self":[{"href":"https:\/\/igpsm.uek.krakow.pl\/kgse\/wp-json\/wp\/v2\/pages\/313"}],"collection":[{"href":"https:\/\/igpsm.uek.krakow.pl\/kgse\/wp-json\/wp\/v2\/pages"}],"about":[{"href":"https:\/\/igpsm.uek.krakow.pl\/kgse\/wp-json\/wp\/v2\/types\/page"}],"author":[{"embeddable":true,"href":"https:\/\/igpsm.uek.krakow.pl\/kgse\/wp-json\/wp\/v2\/users\/2"}],"replies":[{"embeddable":true,"href":"https:\/\/igpsm.uek.krakow.pl\/kgse\/wp-json\/wp\/v2\/comments?post=313"}],"version-history":[{"count":32,"href":"https:\/\/igpsm.uek.krakow.pl\/kgse\/wp-json\/wp\/v2\/pages\/313\/revisions"}],"predecessor-version":[{"id":1907,"href":"https:\/\/igpsm.uek.krakow.pl\/kgse\/wp-json\/wp\/v2\/pages\/313\/revisions\/1907"}],"wp:attachment":[{"href":"https:\/\/igpsm.uek.krakow.pl\/kgse\/wp-json\/wp\/v2\/media?parent=313"}],"curies":[{"name":"wp","href":"https:\/\/api.w.org\/{rel}","templated":true}]}}