{"id":88,"date":"2023-02-19T00:19:19","date_gmt":"2023-02-18T23:19:19","guid":{"rendered":"https:\/\/ie.uek.krakow.pl\/ke\/?page_id=88"},"modified":"2025-11-07T05:36:43","modified_gmt":"2025-11-07T04:36:43","slug":"o-katedrze","status":"publish","type":"page","link":"https:\/\/igpsm.uek.krakow.pl\/kgse\/o-katedrze\/","title":{"rendered":"O Katedrze"},"content":{"rendered":"\t\t<div data-elementor-type=\"wp-page\" data-elementor-id=\"88\" class=\"elementor elementor-88\">\n\t\t\t\t\t\t<section data-particle_enable=\"false\" data-particle-mobile-disabled=\"false\" class=\"elementor-section elementor-top-section elementor-element elementor-element-4ca67fb elementor-section-boxed elementor-section-height-default elementor-section-height-default\" data-id=\"4ca67fb\" data-element_type=\"section\" data-settings=\"{&quot;jet_parallax_layout_list&quot;:[]}\">\n\t\t\t\t\t\t<div class=\"elementor-container elementor-column-gap-default\">\n\t\t\t\t\t<div class=\"elementor-column elementor-col-100 elementor-top-column elementor-element elementor-element-22e0d310\" data-id=\"22e0d310\" data-element_type=\"column\">\n\t\t\t<div class=\"elementor-widget-wrap elementor-element-populated\">\n\t\t\t\t\t\t<div class=\"elementor-element elementor-element-7c047738 elementor-widget elementor-widget-jet-headline\" data-id=\"7c047738\" data-element_type=\"widget\" data-widget_type=\"jet-headline.default\">\n\t\t\t\t<div class=\"elementor-widget-container\">\n\t\t\t<h2 class=\"jet-headline jet-headline--direction-horizontal\"><span class=\"jet-headline__part jet-headline__first\"><span class=\"jet-headline__label\">Katedra Geografii Spo\u0142eczno-Ekonomicznej<\/span><\/span><span class=\"jet-headline__space\">&nbsp;<\/span><\/h2>\t\t<\/div>\n\t\t\t\t<\/div>\n\t\t\t\t<div class=\"elementor-element elementor-element-27706e0c elementor-widget-divider--view-line elementor-invisible elementor-widget elementor-widget-divider\" data-id=\"27706e0c\" data-element_type=\"widget\" data-settings=\"{&quot;_animation&quot;:&quot;fadeInLeft&quot;}\" data-widget_type=\"divider.default\">\n\t\t\t\t<div class=\"elementor-widget-container\">\n\t\t\t\t\t<div class=\"elementor-divider\">\n\t\t\t<span class=\"elementor-divider-separator\">\n\t\t\t\t\t\t<\/span>\n\t\t<\/div>\n\t\t\t\t<\/div>\n\t\t\t\t<\/div>\n\t\t\t\t<div class=\"elementor-element elementor-element-64fa2182 elementor-widget elementor-widget-text-editor\" data-id=\"64fa2182\" data-element_type=\"widget\" data-widget_type=\"text-editor.default\">\n\t\t\t\t<div class=\"elementor-widget-container\">\n\t\t\t\t\t\t\t<p>Katedra Geografii Spo\u0142eczno-Ekonomicznej zosta\u0142a utworzona 1 pa\u017adziernika 2019 r. i funkcjonuje w ramach Instytutu Gospodarki Przestrzennej i Studi\u00f3w Miejskich \u2013 jednego z trzech powo\u0142anych w ramach Kolegium Gospodarki i Administracji Publicznej na Uniwersytecie Ekonomicznym w Krakowie.<br \/>Przyczynkiem do utworzenia Katedry by\u0142o wprowadzenie nowego podzia\u0142u dyscyplin naukowych, zwi\u0105zana z tym reorganizacja Uniwersytetu i wdro\u017cenie nowej struktury organizacyjnej uczelni \u2013 odpowiadaj\u0105cej wprowadzonej Ustaw\u0105 systematyce dziedzin i dyscyplin naukowych \u2013 w ramach kt\u00f3rej wyodr\u0119bniona zosta\u0142a dyscyplina \u201egeografia spo\u0142eczno-ekonomiczna i gospodarka przestrzenna\u201d.<br \/>Katedra wywodzi si\u0119 z Zak\u0142adu Geografii Ekonomicznej, kt\u00f3rego pocz\u0105tki si\u0119gaj\u0105 1925 roku.<\/p>\t\t\t\t\t\t<\/div>\n\t\t\t\t<\/div>\n\t\t\t\t<div class=\"elementor-element elementor-element-c078210 elementor-widget elementor-widget-text-editor\" data-id=\"c078210\" data-element_type=\"widget\" data-widget_type=\"text-editor.default\">\n\t\t\t\t<div class=\"elementor-widget-container\">\n\t\t\t\t\t\t\t<h2>\u00a0<\/h2><p><img decoding=\"async\" title=\"\" src=\"https:\/\/ie.uek.krakow.pl\/ke\/wp-content\/uploads\/sites\/3\/2023\/02\/placeholder-1.png\" alt=\"\" \/><\/p><p>\u00a0<\/p><h3>Historia jednostki funkcjonuj\u0105cej 1925-1950 i 1958-2020<\/h3><p>Mimo, \u017ce Zak\u0142ad Geografii Ekonomicznej istnia\u0142 nieprzerwanie 61 lat, to trzeba zaznaczy\u0107, \u017ce geografia ekonomiczna wyk\u0142adana by\u0142a od samego pocz\u0105tku istnienia Uczelni (najpierw Wy\u017cszego Studium Handlowego, p\u00f3\u017aniej Akademii Handlowej), a pracuj\u0105cy tu geografowie nale\u017celi do jednostek organizacyjnych o r\u00f3\u017cnych nazwach. Do najbardziej znanych nale\u017celi m.in. Ludomir Sawicki, Jerzy Smole\u0144ski, Wiktor Ormicki, Walenty Winid, J\u00f3zef Szaflarski, W\u0142adys\u0142aw Milata, Karol Bromek.<\/p><p>Histori\u0119 dzisiejszego Uniwersytetu Ekonomicznego otwiera Wy\u017csze Studium Handlowe, kt\u00f3re zainaugurowa\u0142o dzia\u0142alno\u015b\u0107 1 X 1925 r. Trzecia w Polsce wy\u017csza uczelnia ekonomiczna pocz\u0105tkowo mie\u015bci\u0142a si\u0119 w budynku \u015bredniej szko\u0142y handlowej przy ul. Kapucy\u0144skiej 2. Jesieni\u0105 1925 r. powo\u0142ano w jej strukturach Zak\u0142ad Geografii Gospodarczej, a jego kierownikiem zosta\u0142 profesor Uniwersytetu Jagiello\u0144skiego dr Ludomir Sawicki, a nast\u0119pnie w 1928 r. kierownictwo obj\u0105\u0142 kolejny profesor UJ, dr Jerzy Smole\u0144ski. Wzrost znaczenia geografii zaowocowa\u0142 przekszta\u0142ceniem Zak\u0142adu Geografii Gospodarczej w oddzieln\u0105 Katedr\u0119 Geografii Gospodarczej. Sta\u0142o si\u0119 to w 1938 r., po zmianie Wy\u017cszego Studium Handlowego w Akademi\u0119 Handlow\u0105, a katedr\u0119 w zarz\u0105d powierzono doc. dr Walentemu Winidowi, kt\u00f3ry mianowany zosta\u0142 profesorem kontraktowym Akademii. Okupacja hitlerowska okaza\u0142a si\u0119 okresem wyj\u0105tkowo tragicznym dla nauki i los\u00f3w profesor\u00f3w-geograf\u00f3w pracuj\u0105cych aktualnie lub wcze\u015bniej w krakowskiej Akademii. Wszyscy bowiem zgin\u0119li w niemieckich obozach koncentracyjnych. Ju\u017c 6 listopada 1939 r., podczas s\u0142ynnej Sonderaktion Krakau na Uniwersytecie Jagiello\u0144skim, aresztowano W. Winida, J. Smole\u0144skiego i W. Ormickiego. Profesor Winid co prawda wr\u00f3ci\u0142 w 1940 r. z obozu w Sachsenhausen, ale za dzia\u0142alno\u015b\u0107 w tajnym nauczaniu zosta\u0142 ponownie aresztowany w 1943 r. i zmar\u0142 w O\u015bwi\u0119cimiu 19 I 1945 r. Prof. dr J. Smole\u0144ski zmar\u0142 5 I 1940 r. w Sachsenhausen, za\u015b doc. dr Wiktora Ormickiego zamordowano 17 IX 1941 r. w Gusen (filii obozu Mauthausen).<\/p><p>W 1945 r., bezpo\u015brednio po wyzwoleniu, przyst\u0105piono do wznowienia dzia\u0142alno\u015bci Akademii Handlowej. Wiosn\u0105 1945 r. reaktywowano Katedr\u0119 Geografii Gospodarczej, a kierownictwo jej powierzono docentowi UJ, dr J\u00f3zefowi Szaflarskiemu. W latach 1947-50 kierownictwo Katedry Geografii Gospodarczej sprawowa\u0142 dr W\u0142adys\u0142aw Milata. Wyrazem og\u00f3lnej tendencji w\u0142adz pa\u0144stwowych zmierzaj\u0105cych do likwidacji szk\u00f3\u0142 prywatnych by\u0142o upa\u0144stwowienie Akademii Handlowej w Krakowie, z dniem 26 pa\u017adziernika 1950 r. i przekszta\u0142cenie jej w uczelni\u0119 o nazwie Wy\u017csza Szko\u0142a Ekonomiczna. Katedra Geografii Gospodarczej zosta\u0142a zlikwidowana, pozosta\u0142 jedynie Zak\u0142ad Geografii Gospodarczej. Po rezygnacji z dniem 31 XII 1950 r. W. Milaty ze stanowiska zast\u0119pcy profesora w WSE kierownictwo Zak\u0142adu Geografii Gospodarczej nie zosta\u0142o obsadzone, a sam Zak\u0142ad wkr\u00f3tce praktycznie przesta\u0142 istnie\u0107. Podczas konferencji katedr geografii ekonomicznej Wy\u017cszych Szk\u00f3\u0142 Ekonomicznych, jaka odby\u0142a si\u0119 19-21 V 1955 r. w Warszawie, stwierdzono, \u017ce katedr geografii w og\u00f3le nie ma w WSE w Krakowie i Katowicach (Stalinogrodzie), a nauczanie prowadzone jest jako wyk\u0142ad zlecony.<\/p><p>Jednomy\u015bln\u0105 uchwa\u0142\u0105 z dnia 22 XI 1957 r. Senat \u00f3wczesnej Wy\u017cszej Szko\u0142y Ekonomicznej (WSE) powzi\u0105\u0142 decyzj\u0119 o utworzeniu Zak\u0142adu Geografii Gospodarczej przy Katedrze Towaroznawstwa. Zacz\u0105\u0142 on funkcjonowa\u0107 od wrze\u015bnia 1958 r. przy Rynku G\u0142\u00f3wnym 34, pod nazw\u0105 Zak\u0142ad Geografii Ekonomicznej. Jego kierownictwo powierzono z-cy profesora dr. Janowi Janczykowi. Funkcj\u0119 kierownika Zak\u0142adu w 1964 r. obj\u0105\u0142 docent (p\u00f3\u017aniej profesor) dr hab. Andrzej Marya\u0144ski. W 1969 r. kierownictwo ZGE obj\u0105\u0142 doc. dr Mieczys\u0142aw Mikulski, a sam Zak\u0142ad przeniesiono do pawilonu dydaktycznego przy ul. Rakowickiej 27 (od r. 2004 mie\u015bci si\u0119 w Pawilonie Finans\u00f3w). Docent Mikulski kierowa\u0142 Zak\u0142adem do r. 1992. W 1974 r. WSE zostaje przemianowana na Akademi\u0119 Ekonomiczn\u0105, a Zak\u0142ad Geografii Ekonomicznej wszed\u0142 (od 1995 r.) w sk\u0142ad Katedry Gospodarki Regionalnej. W 1993 r. etat kierownika Zak\u0142adu Geografii Ekonomicznej obj\u0105\u0142 (obecnie prof. dr hab.) Tadeusz Kud\u0142acz. W 2012 r. kierownikiem Zak\u0142adu Geografii Ekonomicznej zosta\u0142 dr hab. prof. UEK Bogus\u0142aw Luchter, kt\u00f3ry te\u017c pe\u0142ni\u0142 od 2019 r. funkcj\u0119 kierownika nowoutworzonej Katedry Geografii Spo\u0142eczno-Ekonomicznej. Od 2020 r. funkcj\u0119 kierownika Katedry pe\u0142ni dr hab. Magdalena Zdun, prof. UEK.<\/p><p>Katedra wsp\u00f3\u0142pracuje z Komitetem Przestrzennego Zagospodarowania Kraju PAN, Instytutem Rozwoju Miast, Polskim Towarzystwem Geograficznym, Polskim Towarzystwem Turystyczno-Krajoznawczym i in. organizacjami i instytucjami.<\/p><p>W Katedrze opracowano wiele publikacji o charakterze dydaktycznym, w\u015br\u00f3d kt\u00f3rych nale\u017cy wymieni\u0107: Podstawy geografii spo\u0142eczno-ekonomicznej, Geografi\u0119 ludno\u015bci \u015bwiata i Polski, Podstawowe metody kartografii spo\u0142eczno-gospodarczej, Przewodnik metodyczny z geografii spo\u0142eczno-gospodarczej \u015bwiata i Polski, Przyrodnicze podstawy gospodarowania, Krak\u00f3w \u2013 zarys przemian ekonomiczno-przestrzennych.<\/p>\t\t\t\t\t\t<\/div>\n\t\t\t\t<\/div>\n\t\t\t\t<div class=\"elementor-element elementor-element-7c7342c elementor-widget elementor-widget-image\" data-id=\"7c7342c\" data-element_type=\"widget\" data-widget_type=\"image.default\">\n\t\t\t\t<div class=\"elementor-widget-container\">\n\t\t\t\t\t\t\t\t\t\t\t\t\t<img decoding=\"async\" src=\"https:\/\/ie.uek.krakow.pl\/ke\/wp-content\/uploads\/sites\/3\/2023\/02\/placeholder-1.png\" title=\"\" alt=\"\" loading=\"lazy\" \/>\t\t\t\t\t\t\t\t\t\t\t\t\t<\/div>\n\t\t\t\t<\/div>\n\t\t\t\t\t<\/div>\n\t\t<\/div>\n\t\t\t\t\t<\/div>\n\t\t<\/section>\n\t\t\t\t<\/div>\n\t\t","protected":false},"excerpt":{"rendered":"<p>Katedra Geografii Spo\u0142eczno-Ekonomicznej&nbsp; Katedra Geografii Spo\u0142eczno-Ekonomicznej zosta\u0142a utworzona 1 pa\u017adziernika 2019 r. i funkcjonuje w ramach Instytutu Gospodarki Przestrzennej i Studi\u00f3w Miejskich \u2013 jednego z trzech powo\u0142anych w ramach Kolegium Gospodarki i Administracji Publicznej na Uniwersytecie Ekonomicznym w Krakowie.Przyczynkiem do utworzenia Katedry by\u0142o wprowadzenie nowego podzia\u0142u dyscyplin naukowych, zwi\u0105zana z tym reorganizacja Uniwersytetu i wdro\u017cenie nowej struktury organizacyjnej uczelni \u2013 odpowiadaj\u0105cej wprowadzonej Ustaw\u0105 systematyce dziedzin i dyscyplin naukowych \u2013 w ramach kt\u00f3rej wyodr\u0119bniona zosta\u0142a dyscyplina \u201egeografia spo\u0142eczno-ekonomiczna i gospodarka przestrzenna\u201d.Katedra wywodzi si\u0119 z Zak\u0142adu Geografii Ekonomicznej, kt\u00f3rego pocz\u0105tki si\u0119gaj\u0105 1925 roku. \u00a0 \u00a0 Historia jednostki funkcjonuj\u0105cej 1925-1950 i 1958-2020 Mimo, \u017ce Zak\u0142ad Geografii Ekonomicznej istnia\u0142 nieprzerwanie 61 lat, to trzeba zaznaczy\u0107, \u017ce geografia ekonomiczna wyk\u0142adana by\u0142a od samego pocz\u0105tku istnienia Uczelni (najpierw Wy\u017cszego Studium Handlowego, p\u00f3\u017aniej Akademii Handlowej), a pracuj\u0105cy tu geografowie nale\u017celi do jednostek organizacyjnych o r\u00f3\u017cnych nazwach. Do najbardziej znanych nale\u017celi m.in. Ludomir Sawicki, Jerzy Smole\u0144ski, Wiktor Ormicki, Walenty Winid, J\u00f3zef Szaflarski, W\u0142adys\u0142aw Milata, Karol Bromek. Histori\u0119 dzisiejszego Uniwersytetu Ekonomicznego otwiera Wy\u017csze Studium Handlowe, kt\u00f3re zainaugurowa\u0142o dzia\u0142alno\u015b\u0107 1 X 1925 r. Trzecia w Polsce wy\u017csza uczelnia ekonomiczna pocz\u0105tkowo mie\u015bci\u0142a si\u0119 w budynku \u015bredniej szko\u0142y handlowej przy ul. Kapucy\u0144skiej 2. Jesieni\u0105 1925 r. powo\u0142ano w jej strukturach Zak\u0142ad Geografii Gospodarczej, a jego kierownikiem zosta\u0142 profesor Uniwersytetu Jagiello\u0144skiego dr Ludomir Sawicki, a nast\u0119pnie w 1928 r. kierownictwo obj\u0105\u0142 kolejny profesor UJ, dr Jerzy Smole\u0144ski. Wzrost znaczenia geografii zaowocowa\u0142 przekszta\u0142ceniem Zak\u0142adu Geografii Gospodarczej w oddzieln\u0105 Katedr\u0119 Geografii Gospodarczej. Sta\u0142o si\u0119 to w 1938 r., po zmianie Wy\u017cszego Studium Handlowego w Akademi\u0119 Handlow\u0105, a katedr\u0119 w zarz\u0105d powierzono doc. dr Walentemu Winidowi, kt\u00f3ry mianowany zosta\u0142 profesorem kontraktowym Akademii. Okupacja hitlerowska okaza\u0142a si\u0119 okresem wyj\u0105tkowo tragicznym dla nauki i los\u00f3w profesor\u00f3w-geograf\u00f3w pracuj\u0105cych aktualnie lub wcze\u015bniej w krakowskiej Akademii. Wszyscy bowiem zgin\u0119li w niemieckich obozach koncentracyjnych. Ju\u017c 6 listopada 1939 r., podczas s\u0142ynnej Sonderaktion Krakau na Uniwersytecie Jagiello\u0144skim, aresztowano W. Winida, J. Smole\u0144skiego i W. Ormickiego. Profesor Winid co prawda wr\u00f3ci\u0142 w 1940 r. z obozu w Sachsenhausen, ale za dzia\u0142alno\u015b\u0107 w tajnym nauczaniu zosta\u0142 ponownie aresztowany w 1943 r. i zmar\u0142 w O\u015bwi\u0119cimiu 19 I 1945 r. Prof. dr J. Smole\u0144ski zmar\u0142 5 I 1940 r. w Sachsenhausen, za\u015b doc. dr Wiktora Ormickiego zamordowano 17 IX 1941 r. w Gusen (filii obozu Mauthausen). W 1945 r., bezpo\u015brednio po wyzwoleniu, przyst\u0105piono do wznowienia dzia\u0142alno\u015bci Akademii Handlowej. Wiosn\u0105 1945 r. reaktywowano Katedr\u0119 Geografii Gospodarczej, a kierownictwo jej powierzono docentowi UJ, dr J\u00f3zefowi Szaflarskiemu. W latach 1947-50 kierownictwo Katedry Geografii Gospodarczej sprawowa\u0142 dr W\u0142adys\u0142aw Milata. Wyrazem og\u00f3lnej tendencji w\u0142adz pa\u0144stwowych zmierzaj\u0105cych do likwidacji szk\u00f3\u0142 prywatnych by\u0142o upa\u0144stwowienie Akademii Handlowej w Krakowie, z dniem 26 pa\u017adziernika 1950 r. i przekszta\u0142cenie jej w uczelni\u0119 o nazwie Wy\u017csza Szko\u0142a Ekonomiczna. Katedra Geografii Gospodarczej zosta\u0142a zlikwidowana, pozosta\u0142 jedynie Zak\u0142ad Geografii Gospodarczej. Po rezygnacji z dniem 31 XII 1950 r. W. Milaty ze stanowiska zast\u0119pcy profesora w WSE kierownictwo Zak\u0142adu Geografii Gospodarczej nie zosta\u0142o obsadzone, a sam Zak\u0142ad wkr\u00f3tce praktycznie przesta\u0142 istnie\u0107. Podczas konferencji katedr geografii ekonomicznej Wy\u017cszych Szk\u00f3\u0142 Ekonomicznych, jaka odby\u0142a si\u0119 19-21 V 1955 r. w Warszawie, stwierdzono, \u017ce katedr geografii w og\u00f3le nie ma w WSE w Krakowie i Katowicach (Stalinogrodzie), a nauczanie prowadzone jest jako wyk\u0142ad zlecony. Jednomy\u015bln\u0105 uchwa\u0142\u0105 z dnia 22 XI 1957 r. Senat \u00f3wczesnej Wy\u017cszej Szko\u0142y Ekonomicznej (WSE) powzi\u0105\u0142 decyzj\u0119 o utworzeniu Zak\u0142adu Geografii Gospodarczej przy Katedrze Towaroznawstwa. Zacz\u0105\u0142 on funkcjonowa\u0107 od wrze\u015bnia 1958 r. przy Rynku G\u0142\u00f3wnym 34, pod nazw\u0105 Zak\u0142ad Geografii Ekonomicznej. Jego kierownictwo powierzono z-cy profesora dr. Janowi Janczykowi. Funkcj\u0119 kierownika Zak\u0142adu w 1964 r. obj\u0105\u0142 docent (p\u00f3\u017aniej profesor) dr hab. Andrzej Marya\u0144ski. W 1969 r. kierownictwo ZGE obj\u0105\u0142 doc. dr Mieczys\u0142aw Mikulski, a sam Zak\u0142ad przeniesiono do pawilonu dydaktycznego przy ul. Rakowickiej 27 (od r. 2004 mie\u015bci si\u0119 w Pawilonie Finans\u00f3w). Docent Mikulski kierowa\u0142 Zak\u0142adem do r. 1992. W 1974 r. WSE zostaje przemianowana na Akademi\u0119 Ekonomiczn\u0105, a Zak\u0142ad Geografii Ekonomicznej wszed\u0142 (od 1995 r.) w sk\u0142ad Katedry Gospodarki Regionalnej. W 1993 r. etat kierownika Zak\u0142adu Geografii Ekonomicznej obj\u0105\u0142 (obecnie prof. dr hab.) Tadeusz Kud\u0142acz. W 2012 r. kierownikiem Zak\u0142adu Geografii Ekonomicznej zosta\u0142 dr hab. prof. UEK Bogus\u0142aw Luchter, kt\u00f3ry te\u017c pe\u0142ni\u0142 od 2019 r. funkcj\u0119 kierownika nowoutworzonej Katedry Geografii Spo\u0142eczno-Ekonomicznej. Od 2020 r. funkcj\u0119 kierownika Katedry pe\u0142ni dr hab. Magdalena Zdun, prof. UEK. Katedra wsp\u00f3\u0142pracuje z Komitetem Przestrzennego Zagospodarowania Kraju PAN, Instytutem Rozwoju Miast, Polskim Towarzystwem Geograficznym, Polskim Towarzystwem Turystyczno-Krajoznawczym i in. organizacjami i instytucjami. W Katedrze opracowano wiele publikacji o charakterze dydaktycznym, w\u015br\u00f3d kt\u00f3rych nale\u017cy wymieni\u0107: Podstawy geografii spo\u0142eczno-ekonomicznej, Geografi\u0119 ludno\u015bci \u015bwiata i Polski, Podstawowe metody kartografii spo\u0142eczno-gospodarczej, Przewodnik metodyczny z geografii spo\u0142eczno-gospodarczej \u015bwiata i Polski, Przyrodnicze podstawy gospodarowania, Krak\u00f3w \u2013 zarys przemian ekonomiczno-przestrzennych.<\/p>\n","protected":false},"author":3,"featured_media":0,"parent":0,"menu_order":0,"comment_status":"closed","ping_status":"closed","template":"elementor_header_footer","meta":{"footnotes":""},"class_list":["post-88","page","type-page","status-publish","hentry"],"_links":{"self":[{"href":"https:\/\/igpsm.uek.krakow.pl\/kgse\/wp-json\/wp\/v2\/pages\/88"}],"collection":[{"href":"https:\/\/igpsm.uek.krakow.pl\/kgse\/wp-json\/wp\/v2\/pages"}],"about":[{"href":"https:\/\/igpsm.uek.krakow.pl\/kgse\/wp-json\/wp\/v2\/types\/page"}],"author":[{"embeddable":true,"href":"https:\/\/igpsm.uek.krakow.pl\/kgse\/wp-json\/wp\/v2\/users\/3"}],"replies":[{"embeddable":true,"href":"https:\/\/igpsm.uek.krakow.pl\/kgse\/wp-json\/wp\/v2\/comments?post=88"}],"version-history":[{"count":24,"href":"https:\/\/igpsm.uek.krakow.pl\/kgse\/wp-json\/wp\/v2\/pages\/88\/revisions"}],"predecessor-version":[{"id":1925,"href":"https:\/\/igpsm.uek.krakow.pl\/kgse\/wp-json\/wp\/v2\/pages\/88\/revisions\/1925"}],"wp:attachment":[{"href":"https:\/\/igpsm.uek.krakow.pl\/kgse\/wp-json\/wp\/v2\/media?parent=88"}],"curies":[{"name":"wp","href":"https:\/\/api.w.org\/{rel}","templated":true}]}}