{"id":174,"date":"2023-02-19T01:50:07","date_gmt":"2023-02-19T00:50:07","guid":{"rendered":"https:\/\/ie.uek.krakow.pl\/ke\/?page_id=174"},"modified":"2024-10-31T08:44:54","modified_gmt":"2024-10-31T07:44:54","slug":"pracownicy-uek","status":"publish","type":"page","link":"https:\/\/igpsm.uek.krakow.pl\/khgs\/pracownicy-uek\/","title":{"rendered":"Pracownicy"},"content":{"rendered":"\t\t<div data-elementor-type=\"wp-page\" data-elementor-id=\"174\" class=\"elementor elementor-174\">\n\t\t\t\t\t\t<section data-particle_enable=\"false\" data-particle-mobile-disabled=\"false\" class=\"elementor-section elementor-top-section elementor-element elementor-element-be20bad elementor-section-boxed elementor-section-height-default elementor-section-height-default\" data-id=\"be20bad\" data-element_type=\"section\" data-settings=\"{&quot;jet_parallax_layout_list&quot;:[]}\">\n\t\t\t\t\t\t<div class=\"elementor-container elementor-column-gap-default\">\n\t\t\t\t\t<div class=\"elementor-column elementor-col-100 elementor-top-column elementor-element elementor-element-c099fef\" data-id=\"c099fef\" data-element_type=\"column\">\n\t\t\t<div class=\"elementor-widget-wrap elementor-element-populated\">\n\t\t\t\t\t\t<div class=\"elementor-element elementor-element-923f8d4 elementor-widget elementor-widget-heading\" data-id=\"923f8d4\" data-element_type=\"widget\" id=\"kpii\" data-widget_type=\"heading.default\">\n\t\t\t\t<div class=\"elementor-widget-container\">\n\t\t\t<h2 class=\"elementor-heading-title elementor-size-default\">KATEDRA Historii Gospodarczej i Spo\u0142ecznej <\/h2>\t\t<\/div>\n\t\t\t\t<\/div>\n\t\t\t\t<section data-particle_enable=\"false\" data-particle-mobile-disabled=\"false\" class=\"elementor-section elementor-inner-section elementor-element elementor-element-3076b4f elementor-section-boxed elementor-section-height-default elementor-section-height-default\" data-id=\"3076b4f\" data-element_type=\"section\" data-settings=\"{&quot;jet_parallax_layout_list&quot;:[],&quot;background_background&quot;:&quot;classic&quot;,&quot;shape_divider_bottom&quot;:&quot;arrow&quot;,&quot;shape_divider_bottom_negative&quot;:&quot;yes&quot;,&quot;shape_divider_top&quot;:&quot;arrow&quot;}\">\n\t\t\t\t\t<div class=\"elementor-shape elementor-shape-top\" data-negative=\"false\">\n\t\t\t<svg xmlns=\"http:\/\/www.w3.org\/2000\/svg\" viewBox=\"0 0 700 10\" preserveAspectRatio=\"none\">\n\t<path class=\"elementor-shape-fill\" d=\"M350,10L340,0h20L350,10z\"\/>\n<\/svg>\t\t<\/div>\n\t\t\t\t<div class=\"elementor-shape elementor-shape-bottom\" data-negative=\"true\">\n\t\t\t<svg xmlns=\"http:\/\/www.w3.org\/2000\/svg\" viewBox=\"0 0 700 10\" preserveAspectRatio=\"none\">\n\t<path class=\"elementor-shape-fill\" d=\"M360 0L350 9.9 340 0 0 0 0 10 700 10 700 0\"\/>\n<\/svg>\t\t<\/div>\n\t\t\t\t\t<div class=\"elementor-container elementor-column-gap-default\">\n\t\t\t\t\t<div class=\"elementor-column elementor-col-50 elementor-inner-column elementor-element elementor-element-d163044\" data-id=\"d163044\" data-element_type=\"column\">\n\t\t\t<div class=\"elementor-widget-wrap elementor-element-populated\">\n\t\t\t\t\t\t<div class=\"elementor-element elementor-element-2a0fd92 elementor-widget elementor-widget-heading\" data-id=\"2a0fd92\" data-element_type=\"widget\" data-widget_type=\"heading.default\">\n\t\t\t\t<div class=\"elementor-widget-container\">\n\t\t\t<h4 class=\"elementor-heading-title elementor-size-default\">Kierownik Katedry <\/h4>\t\t<\/div>\n\t\t\t\t<\/div>\n\t\t\t\t\t<\/div>\n\t\t<\/div>\n\t\t\t\t<div class=\"elementor-column elementor-col-50 elementor-inner-column elementor-element elementor-element-76846e1\" data-id=\"76846e1\" data-element_type=\"column\">\n\t\t\t<div class=\"elementor-widget-wrap elementor-element-populated\">\n\t\t\t\t\t\t<div class=\"elementor-element elementor-element-e3b073e elementor-widget elementor-widget-eael-post-list\" data-id=\"e3b073e\" data-element_type=\"widget\" data-widget_type=\"eael-post-list.default\">\n\t\t\t\t<div class=\"elementor-widget-container\">\n\t\t\t<div class=\"eael-post-list-container default layout-default\"><div class=\"eael-post-list-wrap\"><div class=\"eael-post-list-posts-wrap eael-post-appender eael-post-appender-e3b073e\"><div class=\"eael-post-list-post \"><div class=\"eael-post-list-thumbnail \"><a href=\"https:\/\/igpsm.uek.krakow.pl\/khgs\/pracownicy\/dr-hab-rafal-matyja-prof-uek\/\">\n                            <img decoding=\"async\" src=\"https:\/\/igpsm.uek.krakow.pl\/khgs\/wp-content\/uploads\/sites\/5\/2023\/02\/RM-683x1024.jpg\" alt=\"\">\n                        <\/a><\/div><div class=\"eael-post-list-content\"><h2 class=\"eael-post-list-title\"><a href=\"https:\/\/igpsm.uek.krakow.pl\/khgs\/pracownicy\/dr-hab-rafal-matyja-prof-uek\/\" >Dr hab. Rafa\u0142 Matyja, prof. UEK<\/a><\/h2><\/div><\/div><\/div><\/div>\n\t\t<\/div>\t\t<\/div>\n\t\t\t\t<\/div>\n\t\t\t\t\t<\/div>\n\t\t<\/div>\n\t\t\t\t\t<\/div>\n\t\t<\/section>\n\t\t\t\t<div class=\"elementor-element elementor-element-3b905d0 elementor-widget elementor-widget-eael-post-list\" data-id=\"3b905d0\" data-element_type=\"widget\" data-widget_type=\"eael-post-list.default\">\n\t\t\t\t<div class=\"elementor-widget-container\">\n\t\t\t<div class=\"eael-post-list-container default layout-default\"><div class=\"eael-post-list-wrap\"><div class=\"eael-post-list-posts-wrap eael-post-appender eael-post-appender-3b905d0\"><div class=\"eael-post-list-post \"><div class=\"eael-post-list-thumbnail \"><a href=\"https:\/\/igpsm.uek.krakow.pl\/khgs\/pracownicy\/dr-hab-andrzej-laskowski-prof-uek\/\">\n                            <img decoding=\"async\" src=\"https:\/\/igpsm.uek.krakow.pl\/khgs\/wp-content\/uploads\/sites\/5\/2023\/06\/AL_3.07.2024.jpg\" alt=\"\">\n                        <\/a><\/div><div class=\"eael-post-list-content\"><h2 class=\"eael-post-list-title\"><a href=\"https:\/\/igpsm.uek.krakow.pl\/khgs\/pracownicy\/dr-hab-andrzej-laskowski-prof-uek\/\" >Dr hab. Andrzej Laskowski, prof. UEK<\/a><\/h2><\/div><\/div><div class=\"eael-post-list-post \"><div class=\"eael-post-list-thumbnail \"><a href=\"https:\/\/igpsm.uek.krakow.pl\/khgs\/pracownicy\/dr-dominika-holuj\/\">\n                            <img decoding=\"async\" src=\"https:\/\/igpsm.uek.krakow.pl\/khgs\/wp-content\/uploads\/sites\/5\/2023\/06\/DH-scaled.jpg\" alt=\"\">\n                        <\/a><\/div><div class=\"eael-post-list-content\"><h2 class=\"eael-post-list-title\"><a href=\"https:\/\/igpsm.uek.krakow.pl\/khgs\/pracownicy\/dr-dominika-holuj\/\" >Dr Dominika Ho\u0142uj<\/a><\/h2><\/div><\/div><div class=\"eael-post-list-post \"><div class=\"eael-post-list-thumbnail \"><a href=\"https:\/\/igpsm.uek.krakow.pl\/khgs\/pracownicy\/dr-piotr-miodunka\/\">\n                            <img decoding=\"async\" src=\"https:\/\/igpsm.uek.krakow.pl\/khgs\/wp-content\/uploads\/sites\/5\/2023\/06\/PM-scaled.jpg\" alt=\"\">\n                        <\/a><\/div><div class=\"eael-post-list-content\"><h2 class=\"eael-post-list-title\"><a href=\"https:\/\/igpsm.uek.krakow.pl\/khgs\/pracownicy\/dr-piotr-miodunka\/\" >Dr Piotr Miodunka<\/a><\/h2><\/div><\/div><div class=\"eael-post-list-post \"><div class=\"eael-post-list-thumbnail \"><a href=\"https:\/\/igpsm.uek.krakow.pl\/khgs\/pracownicy\/dr-joanna-sanetra-szeliga\/\">\n                            <img decoding=\"async\" src=\"https:\/\/igpsm.uek.krakow.pl\/khgs\/wp-content\/uploads\/sites\/5\/2023\/06\/JSS-scaled.jpg\" alt=\"\">\n                        <\/a><\/div><div class=\"eael-post-list-content\"><h2 class=\"eael-post-list-title\"><a href=\"https:\/\/igpsm.uek.krakow.pl\/khgs\/pracownicy\/dr-joanna-sanetra-szeliga\/\" >Dr Joanna Sanetra-Szeliga<\/a><\/h2><\/div><\/div><div class=\"eael-post-list-post \"><div class=\"eael-post-list-thumbnail \"><a href=\"https:\/\/igpsm.uek.krakow.pl\/khgs\/pracownicy\/dr-michal-wisniewski\/\">\n                            <img decoding=\"async\" src=\"https:\/\/igpsm.uek.krakow.pl\/khgs\/wp-content\/uploads\/sites\/5\/2023\/06\/MW-scaled.jpg\" alt=\"\">\n                        <\/a><\/div><div class=\"eael-post-list-content\"><h2 class=\"eael-post-list-title\"><a href=\"https:\/\/igpsm.uek.krakow.pl\/khgs\/pracownicy\/dr-michal-wisniewski\/\" >Dr Micha\u0142 Wi\u015bniewski<\/a><\/h2><\/div><\/div><\/div><\/div>\n\t\t<\/div>\t\t<\/div>\n\t\t\t\t<\/div>\n\t\t\t\t\t<\/div>\n\t\t<\/div>\n\t\t\t\t\t<\/div>\n\t\t<\/section>\n\t\t\t\t<\/div>\n\t\t","protected":false},"excerpt":{"rendered":"<p>KATEDRA Historii Gospodarczej i Spo\u0142ecznej Kierownik Katedry Dr hab. Rafa\u0142 Matyja, prof. UEK Dr hab. Andrzej Laskowski, prof. UEK Dr Dominika Ho\u0142uj Dr Piotr Miodunka Dr Joanna Sanetra-Szeliga Dr Micha\u0142 Wi\u015bniewski<\/p>\n","protected":false},"author":1,"featured_media":0,"parent":0,"menu_order":0,"comment_status":"closed","ping_status":"closed","template":"elementor_header_footer","meta":{"footnotes":""},"class_list":["post-174","page","type-page","status-publish","hentry"],"_links":{"self":[{"href":"https:\/\/igpsm.uek.krakow.pl\/khgs\/wp-json\/wp\/v2\/pages\/174"}],"collection":[{"href":"https:\/\/igpsm.uek.krakow.pl\/khgs\/wp-json\/wp\/v2\/pages"}],"about":[{"href":"https:\/\/igpsm.uek.krakow.pl\/khgs\/wp-json\/wp\/v2\/types\/page"}],"author":[{"embeddable":true,"href":"https:\/\/igpsm.uek.krakow.pl\/khgs\/wp-json\/wp\/v2\/users\/1"}],"replies":[{"embeddable":true,"href":"https:\/\/igpsm.uek.krakow.pl\/khgs\/wp-json\/wp\/v2\/comments?post=174"}],"version-history":[{"count":30,"href":"https:\/\/igpsm.uek.krakow.pl\/khgs\/wp-json\/wp\/v2\/pages\/174\/revisions"}],"predecessor-version":[{"id":2815,"href":"https:\/\/igpsm.uek.krakow.pl\/khgs\/wp-json\/wp\/v2\/pages\/174\/revisions\/2815"}],"wp:attachment":[{"href":"https:\/\/igpsm.uek.krakow.pl\/khgs\/wp-json\/wp\/v2\/media?parent=174"}],"curies":[{"name":"wp","href":"https:\/\/api.w.org\/{rel}","templated":true}]}}