{"id":584,"date":"2023-02-23T14:36:00","date_gmt":"2023-02-23T13:36:00","guid":{"rendered":"https:\/\/ie.uek.krakow.pl\/szablon\/?page_id=584"},"modified":"2024-01-11T16:23:54","modified_gmt":"2024-01-11T15:23:54","slug":"department","status":"publish","type":"page","link":"https:\/\/igpsm.uek.krakow.pl\/khgs\/en\/department\/","title":{"rendered":"About the Department"},"content":{"rendered":"\t\t<div data-elementor-type=\"wp-page\" data-elementor-id=\"584\" class=\"elementor elementor-584\">\n\t\t\t\t\t\t<section data-particle_enable=\"false\" data-particle-mobile-disabled=\"false\" class=\"elementor-section elementor-top-section elementor-element elementor-element-4ca67fb elementor-section-boxed elementor-section-height-default elementor-section-height-default\" data-id=\"4ca67fb\" data-element_type=\"section\" data-settings=\"{&quot;jet_parallax_layout_list&quot;:[]}\">\n\t\t\t\t\t\t<div class=\"elementor-container elementor-column-gap-default\">\n\t\t\t\t\t<div class=\"elementor-column elementor-col-100 elementor-top-column elementor-element elementor-element-22e0d310\" data-id=\"22e0d310\" data-element_type=\"column\">\n\t\t\t<div class=\"elementor-widget-wrap elementor-element-populated\">\n\t\t\t\t\t\t<div class=\"elementor-element elementor-element-7c047738 elementor-widget elementor-widget-jet-headline\" data-id=\"7c047738\" data-element_type=\"widget\" data-widget_type=\"jet-headline.default\">\n\t\t\t\t<div class=\"elementor-widget-container\">\n\t\t\t<h2 class=\"jet-headline jet-headline--direction-horizontal\"><span class=\"jet-headline__part jet-headline__first\"><span class=\"jet-headline__label\">Department of Economic and Social History\n \/ UNESCO CHAIR FOR HERITAGE AND URBAN STUDIES<\/span><\/span><span class=\"jet-headline__space\">&nbsp;<\/span><\/h2>\t\t<\/div>\n\t\t\t\t<\/div>\n\t\t\t\t<div class=\"elementor-element elementor-element-27706e0c elementor-widget-divider--view-line elementor-invisible elementor-widget elementor-widget-divider\" data-id=\"27706e0c\" data-element_type=\"widget\" data-settings=\"{&quot;_animation&quot;:&quot;fadeInLeft&quot;}\" data-widget_type=\"divider.default\">\n\t\t\t\t<div class=\"elementor-widget-container\">\n\t\t\t\t\t<div class=\"elementor-divider\">\n\t\t\t<span class=\"elementor-divider-separator\">\n\t\t\t\t\t\t<\/span>\n\t\t<\/div>\n\t\t\t\t<\/div>\n\t\t\t\t<\/div>\n\t\t\t\t<div class=\"elementor-element elementor-element-64fa2182 elementor-widget elementor-widget-text-editor\" data-id=\"64fa2182\" data-element_type=\"widget\" data-widget_type=\"text-editor.default\">\n\t\t\t\t<div class=\"elementor-widget-container\">\n\t\t\t\t\t\t\t<p><strong>History<\/strong><br \/>The Department of Economic History was established as a separate scientific and didactic unit at the Higher School of Economics (the former name of today&#8217;s University of Economics) in Cracow in 1958. Its organizer and first head was Professor Stanislaw Hoszowski (1904-1987), a student and collaborator of Franciszek Bujak (1875-1953), the founder of the so-called Lviv school of economic history in the interwar period.<br \/>Subsequent heads of the Department were Professors Janina Bieniarz\u00f3wna (1975-1984), Jan M. Ma\u0142ecki (1984-1997), Jan Szpak (1998-2008). In 2007, the name of the Department was changed to the Department of Economic and Social History. Since 2008, the Department has been headed by Professor Jacek Purchla. He has been maintaining its tradition and continued the main research trends initiated by the founders of the Chair, expanding them to include cultural economics and cultural heritage management, and establishing international cooperation within the UNITWIN\/UNESCO network.<br \/>For more than a quarter of a century (1993-2019), the structure of the Department has been two departments: the Department of Economic History and the Department of Urban Development, created by Professor Purchla, which in 2008 changed its name to the Department of Cultural Heritage and Urban Studies and, in connection with the signed agreement between UEK and UNESCO, was given the status of UNESCO Chair for Heritage and Urban Studies.<\/p><p><strong>UNESCO Chair for Heritage and Urban Studies<\/strong><br \/>The UNESCO International Chairs Networking Program <a href=\"https:\/\/www.unesco.org\/en\/unitwin\">(University Twinning and Networking &#8211; UNITWIN\/UNESCO CHAIRS)<\/a> is part of a cooperative program implemented by the United Nations Educational, Scientific and Cultural Organization (UNESCO). It is an international network of universities that supports UNESCO&#8217;s work in the fields of education, natural and social sciences, culture and communications. Its goal is to help face contemporary challenges and contribute to social development.<br \/><a href=\"https:\/\/igpsm.uek.krakow.pl\/khgs\/en\/unesco-chair\/\">Read more<\/a><\/p><p><strong>Department staff<\/strong><br \/>Under the leadership of Professor Jacek Purchla, the Department&#8217;s staff: university professors Rafa\u0142 Matyja and Andrzej Laskowski, and assistant professors Dominika Ho\u0142uj, Piotr Miodunka, Joanna Sanetra-Szeliga and Micha\u0142 Wi\u015bniewski conduct key research in the field of issues included in the triad: history &#8211; city &#8211; heritage. In practice, these are: interdisciplinarity, research on the civilizational development of Galicia, research on the history of architecture and art, cultural heritage, synthesis and comparative studies: the city as a work of art, the city as a process, idea, function and form, demography, the role of culture in urban development, management of city resources.<br \/>In addition to individual interests and research projects, the Department&#8217;s staff carry out joint research projects. The result of the latest one these is a monograph entitled <a href=\"https:\/\/www.routledge.com\/Urban-Change-in-Central-Europe-The-Case-of-Krakow\/Purchla\/p\/book\/9781032180793\">Urban Change in Central Europe. The Case of Krak\u00f3w<\/a> published in 2022 by Routledge publishing house in London. At the moment there is another joint project conducted within the framework of the university&#8217;s Potential Program entitled &#8222;The Historical City in the Face of Crises, Problems and Challenges&#8221; (2022-2024).<\/p><p><strong>Urban Studies<\/strong><br \/>As a result of the ongoing changes in the scientific profile of the Department, as well as its cooperation with other departments of the Faculty of Public Economy and Administration established in 2015 (since 2019 the College of Public Economy and Administration), a new major of <a href=\"https:\/\/2gap.uek.krakow.pl\/en\/candidates\/urban-studies\/\">Urban Studies<\/a> was launched in the 2018\/2019 academic year. The Department of Economic and Social History\/UNESCO Chair for Heritage and Urban Studies has been its supervisor within the Institute of Spatial Economy and Urban Studies since 2019.<\/p>\t\t\t\t\t\t<\/div>\n\t\t\t\t<\/div>\n\t\t\t\t<div class=\"elementor-element elementor-element-7c7342c elementor-widget__width-initial elementor-widget elementor-widget-image\" data-id=\"7c7342c\" data-element_type=\"widget\" data-widget_type=\"image.default\">\n\t\t\t\t<div class=\"elementor-widget-container\">\n\t\t\t\t\t\t\t\t\t\t\t\t\t<img fetchpriority=\"high\" decoding=\"async\" width=\"2126\" height=\"709\" src=\"https:\/\/igpsm.uek.krakow.pl\/khgs\/wp-content\/uploads\/sites\/5\/2023\/10\/UEK_UNESCO-ver-03.jpg\" class=\"attachment-full size-full wp-image-1808\" alt=\"\" srcset=\"https:\/\/igpsm.uek.krakow.pl\/khgs\/wp-content\/uploads\/sites\/5\/2023\/10\/UEK_UNESCO-ver-03.jpg 2126w, https:\/\/igpsm.uek.krakow.pl\/khgs\/wp-content\/uploads\/sites\/5\/2023\/10\/UEK_UNESCO-ver-03-300x100.jpg 300w, https:\/\/igpsm.uek.krakow.pl\/khgs\/wp-content\/uploads\/sites\/5\/2023\/10\/UEK_UNESCO-ver-03-1024x341.jpg 1024w, https:\/\/igpsm.uek.krakow.pl\/khgs\/wp-content\/uploads\/sites\/5\/2023\/10\/UEK_UNESCO-ver-03-768x256.jpg 768w, https:\/\/igpsm.uek.krakow.pl\/khgs\/wp-content\/uploads\/sites\/5\/2023\/10\/UEK_UNESCO-ver-03-1536x512.jpg 1536w, https:\/\/igpsm.uek.krakow.pl\/khgs\/wp-content\/uploads\/sites\/5\/2023\/10\/UEK_UNESCO-ver-03-2048x683.jpg 2048w, https:\/\/igpsm.uek.krakow.pl\/khgs\/wp-content\/uploads\/sites\/5\/2023\/10\/UEK_UNESCO-ver-03-1140x380.jpg 1140w\" sizes=\"(max-width: 2126px) 100vw, 2126px\" \/>\t\t\t\t\t\t\t\t\t\t\t\t\t<\/div>\n\t\t\t\t<\/div>\n\t\t\t\t\t<\/div>\n\t\t<\/div>\n\t\t\t\t\t<\/div>\n\t\t<\/section>\n\t\t\t\t<\/div>\n\t\t","protected":false},"excerpt":{"rendered":"<p>Department of Economic and Social History \/ UNESCO CHAIR FOR HERITAGE AND URBAN STUDIES&nbsp; \/*! elementor &#8211; v3.17.0 &#8211; 08-11-2023 *\/ .elementor-widget-divider{&#8211;divider-border-style:none;&#8211;divider-border-width:1px;&#8211;divider-color:#0c0d0e;&#8211;divider-icon-size:20px;&#8211;divider-element-spacing:10px;&#8211;divider-pattern-height:24px;&#8211;divider-pattern-size:20px;&#8211;divider-pattern-url:none;&#8211;divider-pattern-repeat:repeat-x}.elementor-widget-divider .elementor-divider{display:flex}.elementor-widget-divider .elementor-divider__text{font-size:15px;line-height:1;max-width:95%}.elementor-widget-divider .elementor-divider__element{margin:0 var(&#8211;divider-element-spacing);flex-shrink:0}.elementor-widget-divider .elementor-icon{font-size:var(&#8211;divider-icon-size)}.elementor-widget-divider .elementor-divider-separator{display:flex;margin:0;direction:ltr}.elementor-widget-divider&#8211;view-line_icon .elementor-divider-separator,.elementor-widget-divider&#8211;view-line_text .elementor-divider-separator{align-items:center}.elementor-widget-divider&#8211;view-line_icon .elementor-divider-separator:after,.elementor-widget-divider&#8211;view-line_icon .elementor-divider-separator:before,.elementor-widget-divider&#8211;view-line_text .elementor-divider-separator:after,.elementor-widget-divider&#8211;view-line_text .elementor-divider-separator:before{display:block;content:&#8221;&#8221;;border-bottom:0;flex-grow:1;border-top:var(&#8211;divider-border-width) var(&#8211;divider-border-style) var(&#8211;divider-color)}.elementor-widget-divider&#8211;element-align-left .elementor-divider .elementor-divider-separator&gt;.elementor-divider__svg:first-of-type{flex-grow:0;flex-shrink:100}.elementor-widget-divider&#8211;element-align-left .elementor-divider-separator:before{content:none}.elementor-widget-divider&#8211;element-align-left .elementor-divider__element{margin-left:0}.elementor-widget-divider&#8211;element-align-right .elementor-divider .elementor-divider-separator&gt;.elementor-divider__svg:last-of-type{flex-grow:0;flex-shrink:100}.elementor-widget-divider&#8211;element-align-right .elementor-divider-separator:after{content:none}.elementor-widget-divider&#8211;element-align-right .elementor-divider__element{margin-right:0}.elementor-widget-divider:not(.elementor-widget-divider&#8211;view-line_text):not(.elementor-widget-divider&#8211;view-line_icon) .elementor-divider-separator{border-top:var(&#8211;divider-border-width) var(&#8211;divider-border-style) var(&#8211;divider-color)}.elementor-widget-divider&#8211;separator-type-pattern{&#8211;divider-border-style:none}.elementor-widget-divider&#8211;separator-type-pattern.elementor-widget-divider&#8211;view-line .elementor-divider-separator,.elementor-widget-divider&#8211;separator-type-pattern:not(.elementor-widget-divider&#8211;view-line) .elementor-divider-separator:after,.elementor-widget-divider&#8211;separator-type-pattern:not(.elementor-widget-divider&#8211;view-line) .elementor-divider-separator:before,.elementor-widget-divider&#8211;separator-type-pattern:not([class*=elementor-widget-divider&#8211;view]) .elementor-divider-separator{width:100%;min-height:var(&#8211;divider-pattern-height);-webkit-mask-size:var(&#8211;divider-pattern-size) 100%;mask-size:var(&#8211;divider-pattern-size) 100%;-webkit-mask-repeat:var(&#8211;divider-pattern-repeat);mask-repeat:var(&#8211;divider-pattern-repeat);background-color:var(&#8211;divider-color);-webkit-mask-image:var(&#8211;divider-pattern-url);mask-image:var(&#8211;divider-pattern-url)}.elementor-widget-divider&#8211;no-spacing{&#8211;divider-pattern-size:auto}.elementor-widget-divider&#8211;bg-round{&#8211;divider-pattern-repeat:round}.rtl .elementor-widget-divider .elementor-divider__text{direction:rtl}.e-con-inner&gt;.elementor-widget-divider,.e-con&gt;.elementor-widget-divider{width:var(&#8211;container-widget-width,100%);&#8211;flex-grow:var(&#8211;container-widget-flex-grow)} HistoryThe Department of Economic History was established as a separate scientific and didactic unit at the Higher School of Economics (the former name of today&#8217;s University of Economics) in Cracow in 1958. Its organizer and first head was Professor Stanislaw Hoszowski (1904-1987), a student and collaborator of Franciszek Bujak (1875-1953), the founder of the so-called Lviv school of economic history in the interwar period.Subsequent heads of the Department were Professors Janina Bieniarz\u00f3wna (1975-1984), Jan M. Ma\u0142ecki (1984-1997), Jan Szpak (1998-2008). In 2007, the name of the Department was changed to the Department of Economic and Social History. Since 2008, the Department has been headed by Professor Jacek Purchla. He has been maintaining its tradition and continued the main research trends initiated by the founders of the Chair, expanding them to include cultural economics and cultural heritage management, and establishing international cooperation within the UNITWIN\/UNESCO network.For more than a quarter of a century (1993-2019), the structure of the Department has been two departments: the Department of Economic History and the Department of Urban Development, created by Professor Purchla, which in 2008 changed its name to the Department of Cultural Heritage and Urban Studies and, in connection with the signed agreement between UEK and UNESCO, was given the status of UNESCO Chair for Heritage and Urban Studies. UNESCO Chair for Heritage and Urban StudiesThe UNESCO International Chairs Networking Program (University Twinning and Networking &#8211; UNITWIN\/UNESCO CHAIRS) is part of a cooperative program implemented by the United Nations Educational, Scientific and Cultural Organization (UNESCO). It is an international network of universities that supports UNESCO&#8217;s work in the fields of education, natural and social sciences, culture and communications. Its goal is to help face contemporary challenges and contribute to social development.Read more Department staffUnder the leadership of Professor Jacek Purchla, the Department&#8217;s staff: university professors Rafa\u0142 Matyja and Andrzej Laskowski, and assistant professors Dominika Ho\u0142uj, Piotr Miodunka, Joanna Sanetra-Szeliga and Micha\u0142 Wi\u015bniewski conduct key research in the field of issues included in the triad: history &#8211; city &#8211; heritage. In practice, these are: interdisciplinarity, research on the civilizational development of Galicia, research on the history of architecture and art, cultural heritage, synthesis and comparative studies: the city as a work of art, the city as a process, idea, function and form, demography, the role of culture in urban development, management of city resources.In addition to individual interests and research projects, the Department&#8217;s staff carry out joint research projects. The result of the latest one these is a monograph entitled Urban Change in Central Europe. The Case of Krak\u00f3w published in 2022 by Routledge publishing house in London. At the moment there is another joint project conducted within the framework of the university&#8217;s Potential Program entitled &#8222;The Historical City in the Face of Crises, Problems and Challenges&#8221; (2022-2024). Urban StudiesAs a result of the ongoing changes in the scientific profile of the Department, as well as its cooperation with other departments of the Faculty of Public Economy and Administration established in 2015 (since 2019 the College of Public Economy and Administration), a new major of Urban Studies was launched in the 2018\/2019 academic year. The Department of Economic and Social History\/UNESCO Chair for Heritage and Urban Studies has been its supervisor within the Institute of Spatial Economy and Urban Studies since 2019. \/*! elementor &#8211; v3.17.0 &#8211; 08-11-2023 *\/ .elementor-widget-image{text-align:center}.elementor-widget-image a{display:inline-block}.elementor-widget-image a img[src$=&#8221;.svg&#8221;]{width:48px}.elementor-widget-image img{vertical-align:middle;display:inline-block}<\/p>\n","protected":false},"author":1,"featured_media":0,"parent":0,"menu_order":0,"comment_status":"closed","ping_status":"closed","template":"elementor_header_footer","meta":{"footnotes":""},"class_list":["post-584","page","type-page","status-publish","hentry"],"_links":{"self":[{"href":"https:\/\/igpsm.uek.krakow.pl\/khgs\/wp-json\/wp\/v2\/pages\/584"}],"collection":[{"href":"https:\/\/igpsm.uek.krakow.pl\/khgs\/wp-json\/wp\/v2\/pages"}],"about":[{"href":"https:\/\/igpsm.uek.krakow.pl\/khgs\/wp-json\/wp\/v2\/types\/page"}],"author":[{"embeddable":true,"href":"https:\/\/igpsm.uek.krakow.pl\/khgs\/wp-json\/wp\/v2\/users\/1"}],"replies":[{"embeddable":true,"href":"https:\/\/igpsm.uek.krakow.pl\/khgs\/wp-json\/wp\/v2\/comments?post=584"}],"version-history":[{"count":21,"href":"https:\/\/igpsm.uek.krakow.pl\/khgs\/wp-json\/wp\/v2\/pages\/584\/revisions"}],"predecessor-version":[{"id":2478,"href":"https:\/\/igpsm.uek.krakow.pl\/khgs\/wp-json\/wp\/v2\/pages\/584\/revisions\/2478"}],"wp:attachment":[{"href":"https:\/\/igpsm.uek.krakow.pl\/khgs\/wp-json\/wp\/v2\/media?parent=584"}],"curies":[{"name":"wp","href":"https:\/\/api.w.org\/{rel}","templated":true}]}}